{"id":1201,"date":"2021-06-18T06:33:33","date_gmt":"2021-06-18T04:33:33","guid":{"rendered":"https:\/\/santiagocelorio.com\/index.php\/casa\/"},"modified":"2025-03-24T10:46:25","modified_gmt":"2025-03-24T09:46:25","slug":"casa","status":"publish","type":"page","link":"https:\/\/santiagocelorio.com\/es\/","title":{"rendered":"Inicio"},"content":{"rendered":"\n<div style=\"height:210px\" aria-hidden=\"true\" class=\"wp-block-spacer\"><\/div>\n\n\n\n<div class=\"wp-block-columns is-layout-flex wp-container-core-columns-is-layout-d7d455e7 wp-block-columns-is-layout-flex\" style=\"padding-top:0;padding-right:0;padding-bottom:0;padding-left:0\">\n<div class=\"wp-block-column is-layout-flow wp-block-column-is-layout-flow\" style=\"flex-basis:33.33%\">\n<figure class=\"wp-block-image size-full is-resized has-custom-border is-style-rounded\"><img decoding=\"async\" src=\"http:\/\/santiagocelorio.com\/wp-content\/uploads\/2022\/06\/Cortada-3-1-e1655298863354-836x1024-1.png\" alt=\"\" class=\"wp-image-1674\" style=\"border-style:none;border-width:0px;border-radius:81px;width:320px\"\/><\/figure>\n\n\n\n<figure class=\"wp-block-image aligncenter size-large is-resized\"><img loading=\"lazy\" decoding=\"async\" width=\"1024\" height=\"1024\" src=\"https:\/\/santiagocelorio.com\/wp-content\/uploads\/2023\/01\/vfp-siegel-1024x1024.png\" alt=\"\" class=\"wp-image-2792\" style=\"width:150px\" srcset=\"https:\/\/santiagocelorio.com\/wp-content\/uploads\/2023\/01\/vfp-siegel-1024x1024.png 1024w, https:\/\/santiagocelorio.com\/wp-content\/uploads\/2023\/01\/vfp-siegel-300x300.png 300w, https:\/\/santiagocelorio.com\/wp-content\/uploads\/2023\/01\/vfp-siegel-299x299.png 299w, https:\/\/santiagocelorio.com\/wp-content\/uploads\/2023\/01\/vfp-siegel-768x768.png 768w, https:\/\/santiagocelorio.com\/wp-content\/uploads\/2023\/01\/vfp-siegel-1536x1536.png 1536w, https:\/\/santiagocelorio.com\/wp-content\/uploads\/2023\/01\/vfp-siegel-2048x2048.png 2048w, https:\/\/santiagocelorio.com\/wp-content\/uploads\/2023\/01\/vfp-siegel-600x600.png 600w, https:\/\/santiagocelorio.com\/wp-content\/uploads\/2023\/01\/vfp-siegel-100x100.png 100w\" sizes=\"auto, (max-width: 1024px) 100vw, 1024px\" \/><\/figure>\n<\/div>\n\n\n\n<div class=\"wp-block-column is-layout-flow wp-block-column-is-layout-flow\" style=\"padding-top:var(--wp--preset--spacing--50);padding-right:var(--wp--preset--spacing--50);padding-bottom:var(--wp--preset--spacing--50);padding-left:var(--wp--preset--spacing--50);flex-basis:66.66%\">\n<div style=\"height:5px\" aria-hidden=\"true\" class=\"wp-block-spacer\"><\/div>\n\n\n\n<h2 class=\"wp-block-heading has-text-color\" style=\"color:#319960\">Psicoterapia<\/h2>\n\n\n\n<h3 class=\"wp-block-heading has-text-color\" style=\"color:#319960\">(seg\u00fan la Heilpraktikergesetz)<\/h3>\n\n\n\n<hr class=\"wp-block-separator has-alpha-channel-opacity\"\/>\n\n\n\n<h4 class=\"wp-block-heading has-black-color has-text-color\">* Licencia &#8211; dep. de salud de Lichtenberg<\/h4>\n\n\n\n<h4 class=\"wp-block-heading has-black-color has-text-color\">* Terapia cognitivo-conductual (humanista)<\/h4>\n\n\n\n<h4 class=\"wp-block-heading has-black-color has-text-color\">* Sesiones individuales y de pareja (\ud83c\uddea\ud83c\uddf8, \ud83c\udde9\ud83c\uddea, \ud83c\uddec\ud83c\udde7)<\/h4>\n\n\n\n<h5 class=\"wp-block-heading has-black-color has-text-color\">* Migrantes, relaciones no convencionales<\/h5>\n\n\n\n<h5 class=\"wp-block-heading has-black-color has-text-color\">* Neurodiversidad \ud83e\udde0 y LGBTIQ* \ud83c\udf08<\/h5>\n\n\n\n<h5 class=\"wp-block-heading has-black-color has-text-color\">* En Berl\u00edn o en l\u00ednea<\/h5>\n<\/div>\n<\/div>\n\n\n\n<div class=\"inherit-container-width wp-block-group alignfull has-ast-global-color-5-background-color has-background is-layout-constrained wp-block-group-is-layout-constrained\"><div class=\"wp-block-group__inner-container\">\n<h2 class=\"wp-block-heading has-text-align-center\">Terapia<\/h2>\n\n\n\n<hr class=\"wp-block-separator has-text-color has-ast-global-color-0-color has-css-opacity has-ast-global-color-0-background-color has-background aligncenter\"\/>\n\n\n\n<div class=\"wp-block-columns is-layout-flex wp-container-core-columns-is-layout-28f84493 wp-block-columns-is-layout-flex\">\n<div class=\"wp-block-column is-layout-flow wp-block-column-is-layout-flow\">\n<figure class=\"wp-block-image aligncenter size-large has-custom-border is-resized\"><img loading=\"lazy\" decoding=\"async\" width=\"1024\" height=\"683\" src=\"http:\/\/santiagocelorio.com\/wp-content\/uploads\/2022\/06\/pexels-fauxels-3184611-1024x683.jpg\" alt=\"\" class=\"wp-image-1799\" style=\"border-radius:70px\" srcset=\"https:\/\/santiagocelorio.com\/wp-content\/uploads\/2022\/06\/pexels-fauxels-3184611-1024x683.jpg 1024w, https:\/\/santiagocelorio.com\/wp-content\/uploads\/2022\/06\/pexels-fauxels-3184611-300x200.jpg 300w, https:\/\/santiagocelorio.com\/wp-content\/uploads\/2022\/06\/pexels-fauxels-3184611-768x512.jpg 768w, https:\/\/santiagocelorio.com\/wp-content\/uploads\/2022\/06\/pexels-fauxels-3184611-1536x1024.jpg 1536w, https:\/\/santiagocelorio.com\/wp-content\/uploads\/2022\/06\/pexels-fauxels-3184611-2048x1365.jpg 2048w, https:\/\/santiagocelorio.com\/wp-content\/uploads\/2022\/06\/pexels-fauxels-3184611-600x400.jpg 600w\" sizes=\"auto, (max-width: 1024px) 100vw, 1024px\" \/><\/figure>\n\n\n\n<hr class=\"wp-block-separator has-text-color has-ast-global-color-0-color has-css-opacity has-ast-global-color-0-background-color has-background aligncenter\"\/>\n\n\n\n<h4 class=\"wp-block-heading has-text-align-center\">Terapia o asesoramiento<\/h4>\n\n\n\n<p class=\"has-text-align-center\">Trastornos psicol\u00f3gicos (ej. ansiedad, depresi\u00f3n) <br>Dar sentido a las experiencias<br>Amor propio y aceptaci\u00f3n<br>Aceptar los cambios de la vida<br>Dise\u00f1o de planes de acci\u00f3n y auto-descubrimiento<\/p>\n\n\n\n<div class=\"wp-block-buttons is-horizontal is-content-justification-center is-layout-flex wp-container-core-buttons-is-layout-03627597 wp-block-buttons-is-layout-flex\">\n<div class=\"wp-block-button is-style-outline is-style-outline--1\"><a class=\"wp-block-button__link wp-element-button\" href=\"https:\/\/santiagocelorio.com\/es\/terapia-asesoramiento\/\">M\u00c1S INFORMACI\u00d3N<\/a><\/div>\n<\/div>\n<\/div>\n\n\n\n<div class=\"wp-block-column is-layout-flow wp-block-column-is-layout-flow\">\n<figure class=\"wp-block-image aligncenter size-large has-custom-border is-resized\"><img loading=\"lazy\" decoding=\"async\" width=\"1024\" height=\"684\" src=\"http:\/\/santiagocelorio.com\/wp-content\/uploads\/2022\/06\/pexels-photo-6210604-1024x684.jpeg\" alt=\"\" class=\"wp-image-1803\" style=\"border-radius:70px\" srcset=\"https:\/\/santiagocelorio.com\/wp-content\/uploads\/2022\/06\/pexels-photo-6210604-1024x684.jpeg 1024w, https:\/\/santiagocelorio.com\/wp-content\/uploads\/2022\/06\/pexels-photo-6210604-300x200.jpeg 300w, https:\/\/santiagocelorio.com\/wp-content\/uploads\/2022\/06\/pexels-photo-6210604-768x513.jpeg 768w, https:\/\/santiagocelorio.com\/wp-content\/uploads\/2022\/06\/pexels-photo-6210604-1536x1025.jpeg 1536w, https:\/\/santiagocelorio.com\/wp-content\/uploads\/2022\/06\/pexels-photo-6210604-2048x1367.jpeg 2048w, https:\/\/santiagocelorio.com\/wp-content\/uploads\/2022\/06\/pexels-photo-6210604-600x401.jpeg 600w\" sizes=\"auto, (max-width: 1024px) 100vw, 1024px\" \/><\/figure>\n\n\n\n<hr class=\"wp-block-separator has-text-color has-ast-global-color-0-color has-css-opacity has-ast-global-color-0-background-color has-background aligncenter\"\/>\n\n\n\n<h4 class=\"wp-block-heading has-text-align-center\">Terapia de pareja<\/h4>\n\n\n\n<p class=\"has-text-align-center\">Identificar la din\u00e1mica de las relaciones<br>Lidiar con la insatisfacci\u00f3n y el conflicto<br>Fortalecer los lazos y el gozo<br>Lidiar con la separaci\u00f3n<br>Relaciones poliamorosas o abiertas<\/p>\n\n\n\n<div class=\"wp-block-buttons is-horizontal is-content-justification-center is-layout-flex wp-container-core-buttons-is-layout-03627597 wp-block-buttons-is-layout-flex\">\n<div class=\"wp-block-button is-style-outline is-style-outline--2\"><a class=\"wp-block-button__link wp-element-button\" href=\"https:\/\/santiagocelorio.com\/es\/terapia-de-pareja\/\">M\u00c1S INFORMACI\u00d3N<\/a><\/div>\n<\/div>\n<\/div>\n<\/div>\n<\/div><\/div>\n\n\n\n<div class=\"wp-block-cover alignfull has-parallax\" style=\"min-height:500px;aspect-ratio:unset;\"><span aria-hidden=\"true\" class=\"wp-block-cover__background has-ast-global-color-5-background-color has-background-dim-0 has-background-dim\"><\/span><div class=\"wp-block-cover__image-background wp-image-1143 has-parallax\" style=\"background-position:50% 50%;background-image:url(http:\/\/santiagocelorio.com\/wp-content\/uploads\/2022\/05\/pexels-alaattin-koc-4624759-4-scaled.jpg)\"><\/div><div class=\"wp-block-cover__inner-container is-layout-flow wp-block-cover-is-layout-flow\">\n<div class=\"wp-block-columns is-layout-flex wp-container-core-columns-is-layout-28f84493 wp-block-columns-is-layout-flex\">\n<div class=\"wp-block-column is-layout-flow wp-block-column-is-layout-flow\" style=\"flex-basis:33.33%\"><\/div>\n\n\n\n<div class=\"wp-block-column is-layout-flow wp-block-column-is-layout-flow\" style=\"flex-basis:100%\">\n<div class=\"inherit-container-width wp-block-group has-ast-global-color-5-background-color has-background is-layout-constrained wp-block-group-is-layout-constrained\"><div class=\"wp-block-group__inner-container\">\n<h2 class=\"wp-block-heading has-text-align-left has-ast-global-color-2-color has-text-color\">\u00bfPor qu\u00e9 tomar terapia?<\/h2>\n\n\n\n<div class=\"wp-block-columns is-layout-flex wp-container-core-columns-is-layout-28f84493 wp-block-columns-is-layout-flex\">\n<div class=\"wp-block-column is-layout-flow wp-block-column-is-layout-flow\" style=\"flex-basis:100%\">\n<ul class=\"wp-block-list has-ast-global-color-3-color has-text-color\">\n<li>Reducir la ansiedad y la desesperaci\u00f3n<\/li>\n\n\n\n<li>Aumentar la claridad y paz<\/li>\n\n\n\n<li>Sentirte c\u00f3modo contigo mismo y con tus decisiones<\/li>\n\n\n\n<li>Aceptar los cambios de la vida<\/li>\n<\/ul>\n<\/div>\n<\/div>\n<\/div><\/div>\n<\/div>\n<\/div>\n<\/div><\/div>\n\n\n\n<div style=\"height:50px\" aria-hidden=\"true\" class=\"wp-block-spacer\"><\/div>\n\n\n\n<div class=\"wp-block-cover alignwide has-parallax\" style=\"min-height:410px;aspect-ratio:unset;\"><span aria-hidden=\"true\" class=\"wp-block-cover__background has-background-dim-70 has-background-dim\" style=\"background-color:#000000\"><\/span><div class=\"wp-block-cover__image-background wp-image-4180 has-parallax\" style=\"background-position:50% 50%;background-image:url(http:\/\/santiagocelorio.com\/wp-content\/uploads\/2023\/11\/DSC_2073-1024x683-1.jpg)\"><\/div><div class=\"wp-block-cover__inner-container is-layout-flow wp-block-cover-is-layout-flow\">\n<div style=\"height:30px\" aria-hidden=\"true\" class=\"wp-block-spacer\"><\/div>\n\n\n\n<h2 class=\"wp-block-heading has-text-align-center has-text-color\" style=\"color:#ffffff\">Hola, soy Santiago,<\/h2>\n\n\n\n<h2 class=\"wp-block-heading has-text-align-center has-text-color\" style=\"color:#ffffff\">tu terapeuta<\/h2>\n\n\n\n<div style=\"height:30px\" aria-hidden=\"true\" class=\"wp-block-spacer\"><\/div>\n\n\n\n<p class=\"has-text-align-left has-ast-global-color-5-color has-text-color has-link-color wp-elements-25187fc359e70c854ecfddda465fb74a\"><strong>Maestr\u00eda en Psicolog\u00eda<\/strong><br><br>Me apasiona acompa\u00f1ar a las personas a reconocer, aceptar y reflexionar sobre sus retos<br>Mi trabajo se centra en la persona y en encontrar un acercamiento positivo hacia las dificultades de la vida<br>Me agradar\u00eda acompa\u00f1arte en un viaje hacia la paz interior y exterior<\/p>\n\n\n\n<div style=\"height:30px\" aria-hidden=\"true\" class=\"wp-block-spacer\"><\/div>\n\n\n\n<div class=\"wp-block-buttons is-content-justification-center is-layout-flex wp-container-core-buttons-is-layout-a89b3969 wp-block-buttons-is-layout-flex\">\n<div class=\"wp-block-button\"><a class=\"wp-block-button__link wp-element-button\" href=\"https:\/\/santiagocelorio.com\/es\/sobre-mi\/\">M\u00e1s Sobre m\u00ed<\/a><\/div>\n<\/div>\n\n\n\n<div style=\"height:30px\" aria-hidden=\"true\" class=\"wp-block-spacer\"><\/div>\n<\/div><\/div>\n\n\n\n<hr class=\"wp-block-separator has-alpha-channel-opacity\"\/>\n\n\n\n<div class=\"wp-block-buttons is-content-justification-center is-layout-flex wp-container-core-buttons-is-layout-a89b3969 wp-block-buttons-is-layout-flex\">\n<div class=\"wp-block-button\"><a class=\"wp-block-button__link wp-element-button\" href=\"https:\/\/santiagocelorio.com\/es\/reservaciones\/\" style=\"border-width:3px;border-radius:40px\">Reserva una sesi\u00f3n<\/a><\/div>\n<\/div>\n\n\n\n<div style=\"height:30px\" aria-hidden=\"true\" class=\"wp-block-spacer\"><\/div>\n","protected":false},"excerpt":{"rendered":"<p>Psicoterapia (seg\u00fan la Heilpraktikergesetz) * Licencia &#8211; dep. de salud de Lichtenberg * Terapia cognitivo-conductual (humanista) * Sesiones individuales y de pareja (\ud83c\uddea\ud83c\uddf8, \ud83c\udde9\ud83c\uddea, \ud83c\uddec\ud83c\udde7) * Migrantes, relaciones no convencionales * Neurodiversidad \ud83e\udde0 y LGBTIQ* \ud83c\udf08 * En Berl\u00edn o en l\u00ednea Terapia Terapia o asesoramiento Trastornos psicol\u00f3gicos (ej. ansiedad, depresi\u00f3n) Dar sentido a las [&hellip;]<\/p>\n","protected":false},"author":1,"featured_media":0,"parent":0,"menu_order":0,"comment_status":"closed","ping_status":"closed","template":"","meta":{"site-sidebar-layout":"no-sidebar","site-content-layout":"plain-container","ast-site-content-layout":"normal-width-container","site-content-style":"unboxed","site-sidebar-style":"unboxed","ast-global-header-display":"","ast-banner-title-visibility":"","ast-main-header-display":"","ast-hfb-above-header-display":"","ast-hfb-below-header-display":"","ast-hfb-mobile-header-display":"","site-post-title":"disabled","ast-breadcrumbs-content":"disabled","ast-featured-img":"disabled","footer-sml-layout":"","ast-disable-related-posts":"","theme-transparent-header-meta":"enabled","adv-header-id-meta":"","stick-header-meta":"","header-above-stick-meta":"","header-main-stick-meta":"","header-below-stick-meta":"","astra-migrate-meta-layouts":"set","ast-page-background-enabled":"default","ast-page-background-meta":{"desktop":{"background-color":"var(--ast-global-color-4)","background-image":"","background-repeat":"repeat","background-position":"center center","background-size":"auto","background-attachment":"scroll","background-type":"","background-media":"","overlay-type":"","overlay-color":"","overlay-opacity":"","overlay-gradient":""},"tablet":{"background-color":"","background-image":"","background-repeat":"repeat","background-position":"center center","background-size":"auto","background-attachment":"scroll","background-type":"","background-media":"","overlay-type":"","overlay-color":"","overlay-opacity":"","overlay-gradient":""},"mobile":{"background-color":"","background-image":"","background-repeat":"repeat","background-position":"center center","background-size":"auto","background-attachment":"scroll","background-type":"","background-media":"","overlay-type":"","overlay-color":"","overlay-opacity":"","overlay-gradient":""}},"ast-content-background-meta":{"desktop":{"background-color":"var(--ast-global-color-5)","background-image":"","background-repeat":"repeat","background-position":"center center","background-size":"auto","background-attachment":"scroll","background-type":"","background-media":"","overlay-type":"","overlay-color":"","overlay-opacity":"","overlay-gradient":""},"tablet":{"background-color":"var(--ast-global-color-5)","background-image":"","background-repeat":"repeat","background-position":"center center","background-size":"auto","background-attachment":"scroll","background-type":"","background-media":"","overlay-type":"","overlay-color":"","overlay-opacity":"","overlay-gradient":""},"mobile":{"background-color":"var(--ast-global-color-5)","background-image":"","background-repeat":"repeat","background-position":"center center","background-size":"auto","background-attachment":"scroll","background-type":"","background-media":"","overlay-type":"","overlay-color":"","overlay-opacity":"","overlay-gradient":""}},"footnotes":""},"class_list":["post-1201","page","type-page","status-publish","hentry"],"_links":{"self":[{"href":"https:\/\/santiagocelorio.com\/es\/wp-json\/wp\/v2\/pages\/1201","targetHints":{"allow":["GET"]}}],"collection":[{"href":"https:\/\/santiagocelorio.com\/es\/wp-json\/wp\/v2\/pages"}],"about":[{"href":"https:\/\/santiagocelorio.com\/es\/wp-json\/wp\/v2\/types\/page"}],"author":[{"embeddable":true,"href":"https:\/\/santiagocelorio.com\/es\/wp-json\/wp\/v2\/users\/1"}],"replies":[{"embeddable":true,"href":"https:\/\/santiagocelorio.com\/es\/wp-json\/wp\/v2\/comments?post=1201"}],"version-history":[{"count":77,"href":"https:\/\/santiagocelorio.com\/es\/wp-json\/wp\/v2\/pages\/1201\/revisions"}],"predecessor-version":[{"id":5402,"href":"https:\/\/santiagocelorio.com\/es\/wp-json\/wp\/v2\/pages\/1201\/revisions\/5402"}],"wp:attachment":[{"href":"https:\/\/santiagocelorio.com\/es\/wp-json\/wp\/v2\/media?parent=1201"}],"curies":[{"name":"wp","href":"https:\/\/api.w.org\/{rel}","templated":true}]}}