{"id":1204,"date":"2021-06-18T08:59:00","date_gmt":"2021-06-18T06:59:00","guid":{"rendered":"https:\/\/santiagocelorio.com\/index.php\/sobre-mi\/"},"modified":"2025-03-01T14:29:08","modified_gmt":"2025-03-01T13:29:08","slug":"sobre-mi","status":"publish","type":"page","link":"https:\/\/santiagocelorio.com\/es\/sobre-mi\/","title":{"rendered":"Sobre m\u00ed"},"content":{"rendered":"\n<div style=\"height:250px\" aria-hidden=\"true\" class=\"wp-block-spacer\"><\/div>\n\n\n\n<div class=\"wp-block-cover alignfull\" style=\"min-height:150px;aspect-ratio:unset;\"><span aria-hidden=\"true\" class=\"wp-block-cover__background has-ast-global-color-4-background-color has-background-dim-100 has-background-dim\"><\/span><div class=\"wp-block-cover__inner-container is-layout-flow wp-block-cover-is-layout-flow\">\n<div class=\"wp-block-columns are-vertically-aligned-center is-layout-flex wp-container-core-columns-is-layout-28f84493 wp-block-columns-is-layout-flex\">\n<div class=\"wp-block-column is-vertically-aligned-center is-layout-flow wp-block-column-is-layout-flow\">\n<h1 class=\"wp-block-heading has-ast-global-color-2-color has-text-color\">Sobre m\u00ed<\/h1>\n<\/div>\n\n\n\n<div class=\"wp-block-column is-vertically-aligned-center is-layout-flow wp-block-column-is-layout-flow\">\n<hr class=\"wp-block-separator has-text-color has-ast-global-color-0-color has-css-opacity has-ast-global-color-0-background-color has-background is-style-wide\"\/>\n<\/div>\n<\/div>\n<\/div><\/div>\n\n\n\n<div class=\"wp-block-columns is-layout-flex wp-container-core-columns-is-layout-28f84493 wp-block-columns-is-layout-flex\">\n<div class=\"wp-block-column is-layout-flow wp-block-column-is-layout-flow\">\n<h2 class=\"wp-block-heading\">\u00a1Hola! Mi nombre es Santiago<\/h2>\n\n\n\n<p>Estoy autorizado por el <strong>Departamento de Salud de Lichtenberg <\/strong>para practicar la<strong> psicoterapia de acuerdo con la Heilpraktikergesetz<\/strong>. Tengo una <strong>licenciatura con especialidad en psicolog\u00eda cl\u00ednica<\/strong> (UNAM, M\u00e9xico), una <strong>maestr\u00eda en neurociencia <\/strong>y curso actualmente el <strong>entrenamiento oficial  de psicoterapeuta en terapia cognitivo-conductual<\/strong>, combinado con t\u00edtulo de maestr\u00eda (Psychologische Hochschule Berlin). Adem\u00e1s de mi consultorio, trabajo como<strong> psic\u00f3logo en el Departamento de Oncolog\u00eda de la Universidad M\u00e9dica de Lausitz &#8211; Carl Thiem.<\/strong><\/p>\n\n\n\n<p>Tengo experiencia profesional con <strong>ni\u00f1os y adolescentes con necesidades especiales (ej., TDAH)<\/strong>, en <strong>asesoramiento psicosocial<\/strong>, <strong>diagn\u00f3stico neuropsicol\u00f3gico<\/strong> e investigaci\u00f3n para el sistema de salud p\u00fablica en Alemania. Me he formado en el enfoque <strong>humanista-existencial, <\/strong>en <strong>psicolog\u00eda positiva<\/strong> y en<strong> mindfulness<\/strong>.<\/p>\n\n\n\n<div style=\"height:15px\" aria-hidden=\"true\" class=\"wp-block-spacer\"><\/div>\n\n\n\n<h4 class=\"wp-block-heading\">\u00bfQu\u00e9 puedes esperar de mi?<\/h4>\n\n\n\n<ul class=\"wp-block-list\">\n<li>Un enfoque amable y humilde<\/li>\n\n\n\n<li>Actitud c\u00e1lida y acogedora<\/li>\n\n\n\n<li>Actitud compasiva hacia el conflicto<\/li>\n\n\n\n<li>Sensibilidad intercultural<\/li>\n\n\n\n<li>Asesoramiento multiling\u00fce (espa\u00f1ol, ingl\u00e9s y alem\u00e1n)<\/li>\n\n\n\n<li>Experiencia y conocimiento sobre la comunidad LGBTQI* y de neurodiversidad.<\/li>\n\n\n\n<li>Experiencia y conocimiento sobre no-monogamia, relaciones abiertas, poliamor y anarqu\u00eda relacional<\/li>\n\n\n\n<li>Amplia gama de conocimientos te\u00f3ricos a trav\u00e9s de diferentes teor\u00edas y campos de la experiencia humana<\/li>\n<\/ul>\n<\/div>\n\n\n\n<div class=\"wp-block-column is-layout-flow wp-block-column-is-layout-flow\">\n<figure class=\"wp-block-image aligncenter size-full is-resized\"><img loading=\"lazy\" decoding=\"async\" width=\"768\" height=\"1024\" src=\"https:\/\/santiagocelorio.com\/wp-content\/uploads\/2023\/01\/IMG-20221002-WA0074.jpg\" alt=\"\" class=\"wp-image-2800\" style=\"object-fit:cover;width:481px;height:641px\" srcset=\"https:\/\/santiagocelorio.com\/wp-content\/uploads\/2023\/01\/IMG-20221002-WA0074.jpg 768w, https:\/\/santiagocelorio.com\/wp-content\/uploads\/2023\/01\/IMG-20221002-WA0074-225x300.jpg 225w, https:\/\/santiagocelorio.com\/wp-content\/uploads\/2023\/01\/IMG-20221002-WA0074-224x299.jpg 224w, https:\/\/santiagocelorio.com\/wp-content\/uploads\/2023\/01\/IMG-20221002-WA0074-600x800.jpg 600w\" sizes=\"auto, (max-width: 768px) 100vw, 768px\" \/><\/figure>\n<\/div>\n<\/div>\n\n\n\n<div style=\"height:20px\" aria-hidden=\"true\" class=\"wp-block-spacer\"><\/div>\n\n\n\n<h4 class=\"wp-block-heading has-ast-global-color-0-color has-text-color\"><strong>Creo en la reconciliaci\u00f3n del conflicto interior para adquirir la paz<\/strong><\/h4>\n\n\n\n<p>Nac\u00ed y crec\u00ed en la Ciudad de M\u00e9xico. En mi juventud pas\u00e9 un tiempo en los Estados Unidos y en Canad\u00e1, hasta que me mud\u00e9 definitivamente a Alemania a la edad de 26 a\u00f1os. Vivo feliz desde entonces en la ciudad de Berl\u00edn. <\/p>\n\n\n\n<p>Mi formaci\u00f3n inicial fue en artes visuales y obtuve una maestr\u00eda (MFA) en cine documental en la Filmuniversit\u00e4t Babelsberg en Potsdam, Alemania. El cine me introdujo a la noci\u00f3n de crear una <em>narrativa de la vida<\/em> . Esto encendi\u00f3 el deseo de aprender c\u00f3mo <strong>recrear nuestra propia \u00abpel\u00edcula\u00bb de la vida en algo que amamos<\/strong> . <\/p>\n\n\n\n<p>Disfruto mucho trabajar con parejas y otras constelaciones rom\u00e1nticas, porque conecto profundamente con el <strong>deseo humano de vinculaci\u00f3n<\/strong>. Esto tambi\u00e9n lo he perseguido de manera cient\u00edfica, ya que mi proyecto de tesis se bas\u00f3 en la construcci\u00f3n y evaluaci\u00f3n de un modelo de terapia de pareja. <\/p>\n","protected":false},"excerpt":{"rendered":"<p>\u00a1Hola! Mi nombre es Santiago Estoy autorizado por el Departamento de Salud de Lichtenberg para practicar la psicoterapia de acuerdo con la Heilpraktikergesetz. Tengo una licenciatura con especialidad en psicolog\u00eda cl\u00ednica (UNAM, M\u00e9xico), una maestr\u00eda en neurociencia y curso actualmente el entrenamiento oficial de psicoterapeuta en terapia cognitivo-conductual, combinado con t\u00edtulo de maestr\u00eda (Psychologische Hochschule [&hellip;]<\/p>\n","protected":false},"author":1,"featured_media":0,"parent":0,"menu_order":0,"comment_status":"closed","ping_status":"closed","template":"","meta":{"site-sidebar-layout":"no-sidebar","site-content-layout":"plain-container","ast-site-content-layout":"normal-width-container","site-content-style":"unboxed","site-sidebar-style":"unboxed","ast-global-header-display":"","ast-banner-title-visibility":"","ast-main-header-display":"","ast-hfb-above-header-display":"","ast-hfb-below-header-display":"","ast-hfb-mobile-header-display":"","site-post-title":"disabled","ast-breadcrumbs-content":"disabled","ast-featured-img":"disabled","footer-sml-layout":"","ast-disable-related-posts":"","theme-transparent-header-meta":"enabled","adv-header-id-meta":"","stick-header-meta":"","header-above-stick-meta":"","header-main-stick-meta":"","header-below-stick-meta":"","astra-migrate-meta-layouts":"set","ast-page-background-enabled":"default","ast-page-background-meta":{"desktop":{"background-color":"var(--ast-global-color-4)","background-image":"","background-repeat":"repeat","background-position":"center center","background-size":"auto","background-attachment":"scroll","background-type":"","background-media":"","overlay-type":"","overlay-color":"","overlay-opacity":"","overlay-gradient":""},"tablet":{"background-color":"","background-image":"","background-repeat":"repeat","background-position":"center center","background-size":"auto","background-attachment":"scroll","background-type":"","background-media":"","overlay-type":"","overlay-color":"","overlay-opacity":"","overlay-gradient":""},"mobile":{"background-color":"","background-image":"","background-repeat":"repeat","background-position":"center center","background-size":"auto","background-attachment":"scroll","background-type":"","background-media":"","overlay-type":"","overlay-color":"","overlay-opacity":"","overlay-gradient":""}},"ast-content-background-meta":{"desktop":{"background-color":"var(--ast-global-color-5)","background-image":"","background-repeat":"repeat","background-position":"center center","background-size":"auto","background-attachment":"scroll","background-type":"","background-media":"","overlay-type":"","overlay-color":"","overlay-opacity":"","overlay-gradient":""},"tablet":{"background-color":"var(--ast-global-color-5)","background-image":"","background-repeat":"repeat","background-position":"center center","background-size":"auto","background-attachment":"scroll","background-type":"","background-media":"","overlay-type":"","overlay-color":"","overlay-opacity":"","overlay-gradient":""},"mobile":{"background-color":"var(--ast-global-color-5)","background-image":"","background-repeat":"repeat","background-position":"center center","background-size":"auto","background-attachment":"scroll","background-type":"","background-media":"","overlay-type":"","overlay-color":"","overlay-opacity":"","overlay-gradient":""}},"footnotes":""},"class_list":["post-1204","page","type-page","status-publish","hentry"],"_links":{"self":[{"href":"https:\/\/santiagocelorio.com\/es\/wp-json\/wp\/v2\/pages\/1204","targetHints":{"allow":["GET"]}}],"collection":[{"href":"https:\/\/santiagocelorio.com\/es\/wp-json\/wp\/v2\/pages"}],"about":[{"href":"https:\/\/santiagocelorio.com\/es\/wp-json\/wp\/v2\/types\/page"}],"author":[{"embeddable":true,"href":"https:\/\/santiagocelorio.com\/es\/wp-json\/wp\/v2\/users\/1"}],"replies":[{"embeddable":true,"href":"https:\/\/santiagocelorio.com\/es\/wp-json\/wp\/v2\/comments?post=1204"}],"version-history":[{"count":36,"href":"https:\/\/santiagocelorio.com\/es\/wp-json\/wp\/v2\/pages\/1204\/revisions"}],"predecessor-version":[{"id":5321,"href":"https:\/\/santiagocelorio.com\/es\/wp-json\/wp\/v2\/pages\/1204\/revisions\/5321"}],"wp:attachment":[{"href":"https:\/\/santiagocelorio.com\/es\/wp-json\/wp\/v2\/media?parent=1204"}],"curies":[{"name":"wp","href":"https:\/\/api.w.org\/{rel}","templated":true}]}}