{"id":1206,"date":"2021-06-19T03:33:41","date_gmt":"2021-06-19T01:33:41","guid":{"rendered":"https:\/\/santiagocelorio.com\/index.php\/contacto\/"},"modified":"2024-05-17T17:41:56","modified_gmt":"2024-05-17T15:41:56","slug":"contacto","status":"publish","type":"page","link":"https:\/\/santiagocelorio.com\/es\/contacto\/","title":{"rendered":"Contacto"},"content":{"rendered":"\n<div style=\"height:250px\" aria-hidden=\"true\" class=\"wp-block-spacer\"><\/div>\n\n\n\n<div class=\"wp-block-cover alignfull\" style=\"min-height:58px;aspect-ratio:unset;\"><span aria-hidden=\"true\" class=\"wp-block-cover__background has-ast-global-color-4-background-color has-background-dim-100 has-background-dim\"><\/span><div class=\"wp-block-cover__inner-container is-layout-flow wp-block-cover-is-layout-flow\">\n<div class=\"wp-block-columns alignwide are-vertically-aligned-center is-layout-flex wp-container-core-columns-is-layout-28f84493 wp-block-columns-is-layout-flex\">\n<div class=\"wp-block-column is-vertically-aligned-center is-layout-flow wp-block-column-is-layout-flow\">\n<h1 class=\"wp-block-heading has-ast-global-color-2-color has-text-color\">Contacto<\/h1>\n<\/div>\n\n\n\n<div class=\"wp-block-column is-vertically-aligned-center is-layout-flow wp-block-column-is-layout-flow\">\n<hr class=\"wp-block-separator has-text-color has-ast-global-color-0-color has-css-opacity has-ast-global-color-0-background-color has-background is-style-wide\"\/>\n<\/div>\n<\/div>\n<\/div><\/div>\n\n\n\n<div class=\"wp-block-columns is-layout-flex wp-container-core-columns-is-layout-28f84493 wp-block-columns-is-layout-flex\">\n<div class=\"wp-block-column is-layout-flow wp-block-column-is-layout-flow\" style=\"flex-basis:25%\">\n<div class=\"inherit-container-width wp-block-group has-ast-global-color-0-background-color has-background is-layout-constrained wp-block-group-is-layout-constrained\"><div class=\"wp-block-group__inner-container\">\n<div style=\"height:2px\" aria-hidden=\"true\" class=\"wp-block-spacer\"><\/div>\n\n\n\n<h3 class=\"wp-block-heading has-text-align-center has-text-color\" style=\"color:#ffffff\">Me alegrar\u00eda saber de ti<\/h3>\n\n\n\n<hr class=\"wp-block-separator has-text-color has-css-opacity has-background is-style-wide\" style=\"background-color:#ffffff;color:#ffffff\"\/>\n\n\n\n<p class=\"has-text-color\" style=\"color:#ffffff\">No dudes en escribirme para cualquier consulta<br><\/p>\n<\/div><\/div>\n<\/div>\n\n\n\n<div class=\"wp-block-column is-layout-flow wp-block-column-is-layout-flow\" style=\"flex-basis:50%\">\n<div class=\"inherit-container-width wp-block-group is-layout-constrained wp-block-group-is-layout-constrained\"><div class=\"wp-block-group__inner-container\">\n<h4 class=\"wp-block-heading has-text-align-center\"><br><strong>Gormannstra\u00dfe 14<\/strong>, 10119, Berlin<\/h4>\n\n\n\n<h5 class=\"wp-block-heading has-text-align-center\">info@santiagocelorio.com<\/h5>\n\n\n\n<h5 class=\"wp-block-heading has-text-align-center\">+49 \u2022 17670618010<\/h5>\n\n\n\n<figure class=\"wp-block-image aligncenter size-large is-resized\"><a href=\"https:\/\/signal.org\/download\/\"><img loading=\"lazy\" decoding=\"async\" width=\"1024\" height=\"284\" src=\"http:\/\/santiagocelorio.com\/wp-content\/uploads\/2024\/05\/Signal-Lockup-Ultramarine-1024x284.png\" alt=\"\" class=\"wp-image-4676\" style=\"width:95px\" srcset=\"https:\/\/santiagocelorio.com\/wp-content\/uploads\/2024\/05\/Signal-Lockup-Ultramarine-1024x284.png 1024w, https:\/\/santiagocelorio.com\/wp-content\/uploads\/2024\/05\/Signal-Lockup-Ultramarine-300x83.png 300w, https:\/\/santiagocelorio.com\/wp-content\/uploads\/2024\/05\/Signal-Lockup-Ultramarine-484x134.png 484w, https:\/\/santiagocelorio.com\/wp-content\/uploads\/2024\/05\/Signal-Lockup-Ultramarine-768x213.png 768w, https:\/\/santiagocelorio.com\/wp-content\/uploads\/2024\/05\/Signal-Lockup-Ultramarine-1536x427.png 1536w, https:\/\/santiagocelorio.com\/wp-content\/uploads\/2024\/05\/Signal-Lockup-Ultramarine-2048x569.png 2048w, https:\/\/santiagocelorio.com\/wp-content\/uploads\/2024\/05\/Signal-Lockup-Ultramarine-600x167.png 600w\" sizes=\"auto, (max-width: 1024px) 100vw, 1024px\" \/><\/a><\/figure>\n<\/div><\/div>\n<\/div>\n\n\n\n<div class=\"wp-block-column is-layout-flow wp-block-column-is-layout-flow\" style=\"flex-basis:25%\"><\/div>\n<\/div>\n\n\n\n<div style=\"height:30px\" aria-hidden=\"true\" class=\"wp-block-spacer\"><\/div>\n\n\n\n<h2 class=\"wp-block-heading\">\u00bfC\u00f3mo llegar?<\/h2>\n\n\n\n<p>El consultorio est\u00e1 situado en <strong>Gormannstra\u00dfe 14, 10119, Berl\u00edn (ala izquierda del complejo de edificios, en la 3\u00aa planta)<\/strong><\/p>\n\n\n\n<div class=\"wp-block-columns is-layout-flex wp-container-core-columns-is-layout-28f84493 wp-block-columns-is-layout-flex\">\n<div class=\"wp-block-column is-layout-flow wp-block-column-is-layout-flow\" style=\"flex-basis:66.66%\">\n<figure class=\"wp-block-image size-large\"><img loading=\"lazy\" decoding=\"async\" width=\"1024\" height=\"576\" src=\"http:\/\/santiagocelorio.com\/wp-content\/uploads\/2023\/11\/How-to-arrive-1024x576.png\" alt=\"\" class=\"wp-image-4221\" srcset=\"https:\/\/santiagocelorio.com\/wp-content\/uploads\/2023\/11\/How-to-arrive-1024x576.png 1024w, https:\/\/santiagocelorio.com\/wp-content\/uploads\/2023\/11\/How-to-arrive-300x169.png 300w, https:\/\/santiagocelorio.com\/wp-content\/uploads\/2023\/11\/How-to-arrive-484x272.png 484w, https:\/\/santiagocelorio.com\/wp-content\/uploads\/2023\/11\/How-to-arrive-768x432.png 768w, https:\/\/santiagocelorio.com\/wp-content\/uploads\/2023\/11\/How-to-arrive-1536x864.png 1536w, https:\/\/santiagocelorio.com\/wp-content\/uploads\/2023\/11\/How-to-arrive-2048x1152.png 2048w, https:\/\/santiagocelorio.com\/wp-content\/uploads\/2023\/11\/How-to-arrive-600x338.png 600w\" sizes=\"auto, (max-width: 1024px) 100vw, 1024px\" \/><\/figure>\n<\/div>\n\n\n\n<div class=\"wp-block-column is-layout-flow wp-block-column-is-layout-flow\" style=\"flex-basis:33.33%\">\n<p>1) Cuando encuentres el<strong> n\u00famero 14 <\/strong>en la calle, <strong>gira a la izquierda.<\/strong><\/p>\n\n\n\n<p>2) Cuando veas el <strong>cartel de mi consultorio<\/strong> en la pared, <strong>gira a la derecha y camina hasta el final.<\/strong><\/p>\n\n\n\n<p>3) Sabr\u00e1s que est\u00e1s en el lugar correcto cuando veas el gran cartel en la pared. <strong>Abre la puerta con el bot\u00f3n del timbre <\/strong>(mantenlo presionado y empuja la puerta). Sube las escaleras hasta el <strong>tercer piso<\/strong> y espera a que te recoja en la sala de espera.<\/p>\n<\/div>\n<\/div>\n\n\n\n<div style=\"height:30px\" aria-hidden=\"true\" class=\"wp-block-spacer\"><\/div>\n\n\n\n<h4 class=\"wp-block-heading\">Con el auto<\/h4>\n\n\n\n<p>La mejor manera de llegar al consultorio es por las calles<strong> Steinstra\u00dfe o Mulackstra\u00dfe<\/strong><br>Si vienes en coche, por favor, deja tiempo extra para encontrar un lugar de estacionamiento p\u00fablico (ya que no dispongo de estacionamiento privado)<\/p>\n\n\n\n<h4 class=\"wp-block-heading\">Con transporte p\u00fablico<\/h4>\n\n\n\n<p>El consultorio est\u00e1 a 5 minutos a pie de las estaciones de metro <strong>Weinmeisterstra\u00dfe (U8), Rosenthalerplatz (U8) y Rosa-Luxemburg Platz (U2), <\/strong>y de la estaci\u00f3n de <strong>tranv\u00eda (M1 y M8) Rosenthalerplatz<\/strong>. Adem\u00e1s, la estaci\u00f3n de <strong>S-Bahn Hackescher Markt<\/strong> est\u00e1 a 10 minutos a pie<\/p>\n\n\n\n<div style=\"height:30px\" aria-hidden=\"true\" class=\"wp-block-spacer\"><\/div>\n\n\n<div id=\"wpgmza_map\" class=\"wpgmza_map\" data-settings='{\"id\":\"1\",\"map_title\":\"Practice\",\"map_width\":\"100\",\"map_height\":\"400\",\"map_start_lat\":\"52.52854318520832\",\"map_start_lng\":\"13.404947847831663\",\"map_start_location\":\"45.950464398418106,-109.81550500000003\",\"map_start_zoom\":\"16\",\"default_marker\":\"\",\"type\":\"0\",\"alignment\":\"4\",\"directions_enabled\":\"0\",\"styling_enabled\":\"0\",\"styling_json\":\"\",\"active\":\"0\",\"kml\":\"\",\"bicycle\":\"0\",\"traffic\":\"0\",\"dbox\":\"0\",\"dbox_width\":\"\",\"listmarkers\":\"0\",\"listmarkers_advanced\":\"0\",\"filterbycat\":\"0\",\"ugm_enabled\":\"0\",\"ugm_category_enabled\":\"0\",\"fusion\":\"\",\"map_width_type\":\"%\",\"map_height_type\":\"px\",\"mass_marker_support\":\"0\",\"ugm_access\":\"0\",\"order_markers_by\":\"0\",\"order_markers_choice\":\"0\",\"show_user_location\":\"0\",\"default_to\":\"\",\"other_settings\":{\"map_type\":1,\"sl_stroke_color\":\"\",\"sl_fill_color\":\"\",\"sl_stroke_opacity\":\"\",\"sl_fill_opacity\":\"\",\"transport_layer\":false,\"action\":\"wpgmza_save_map\",\"redirect_to\":\"\\\/wp-admin\\\/admin-post.php\",\"map_id\":\"1\",\"http_referer\":\"\\\/wp-admin\\\/admin.php?page=wp-google-maps-menu&amp;amp;override=1&amp;amp;action=edit&amp;amp;map_id=1\",\"wpgmza_id\":\"1\",\"wpgmza_start_location\":\"52.52854318520832,13.404947847831663\",\"wpgmza_start_zoom\":\"16\",\"store_locator_enabled\":false,\"store_locator_search_area\":\"radial\",\"wpgmza_store_locator_radius_style\":\"legacy\",\"wpgmza_store_locator_default_radius\":\"10\",\"store_locator_auto_area_max_zoom\":\"\",\"store_locator_distance\":false,\"wpgmza_store_locator_position\":false,\"store_locator_show_distance\":false,\"store_locator_category\":false,\"wpgmza_store_locator_use_their_location\":false,\"wpgmza_store_locator_bounce\":false,\"wpgmza_sl_animation\":null,\"wpgmza_store_locator_hide_before_search\":false,\"store_locator_query_string\":\"\",\"store_locator_default_address\":\"\",\"store_locator_name_search\":false,\"store_locator_name_string\":\"\",\"store_locator_not_found_message\":\"\",\"wpgmza_map_align\":\"1\",\"jump_to_nearest_marker_on_initialization\":false,\"automatically_pan_to_users_location\":false,\"override_users_location_zoom_level\":false,\"override_users_location_zoom_levels\":\"\",\"show_distance_from_location\":false,\"map_max_zoom\":\"21\",\"map_min_zoom\":\"0\",\"click_open_link\":false,\"fit_maps_bounds_to_markers\":false,\"fit_maps_bounds_to_markers_after_filtering\":false,\"hide_point_of_interest\":false,\"wpgmza_zoom_on_marker_click\":false,\"wpgmza_zoom_on_marker_click_slider\":\"\",\"close_infowindow_on_map_click\":false,\"disable_lightbox_images\":false,\"use_Raw_Jpeg_Coordinates\":false,\"disable_polygon_info_windows\":false,\"enable_marker_ratings\":false,\"only_load_markers_within_viewport\":false,\"iw_primary_color\":\"#000000\",\"iw_accent_color\":\"#000000\",\"iw_text_color\":\"#000000\",\"wpgmza_listmarkers_by\":\"0\",\"wpgmza_marker_listing_position\":false,\"zoom_level_on_marker_listing_override\":false,\"zoom_level_on_marker_listing_click\":\"\",\"datatable_no_result_message\":\"\",\"remove_search_box_datables\":false,\"dataTable_pagination_style\":null,\"datatable_search_string\":\"\",\"datatable_result_start\":\"\",\"datatable_result_of\":\"\",\"datatable_result_to\":\"\",\"datatable_result_total\":\"\",\"datatable_result_show\":\"\",\"datatable_result_entries\":\"\",\"wpgmza_savemap\":\"Karte speichern \\u00bb\",\"store_locator_location_placeholder\":\"\",\"marker_listing_disable_zoom\":false}}' data-map-id='1' Data-maps-engine='open-layers' data-shortcode-attributes='{\"id\":\"1\"}' style=\"display:block; overflow:auto; width:100%; height:400px; float:left;\"><\/div>\n","protected":false},"excerpt":{"rendered":"<p>Me alegrar\u00eda saber de ti No dudes en escribirme para cualquier consulta Gormannstra\u00dfe 14, 10119, Berlin info@santiagocelorio.com +49 \u2022 17670618010 \u00bfC\u00f3mo llegar? El consultorio est\u00e1 situado en Gormannstra\u00dfe 14, 10119, Berl\u00edn (ala izquierda del complejo de edificios, en la 3\u00aa planta) 1) Cuando encuentres el n\u00famero 14 en la calle, gira a la izquierda. 2) [&hellip;]<\/p>\n","protected":false},"author":1,"featured_media":0,"parent":0,"menu_order":0,"comment_status":"closed","ping_status":"closed","template":"","meta":{"site-sidebar-layout":"no-sidebar","site-content-layout":"plain-container","ast-site-content-layout":"normal-width-container","site-content-style":"unboxed","site-sidebar-style":"unboxed","ast-global-header-display":"","ast-banner-title-visibility":"","ast-main-header-display":"","ast-hfb-above-header-display":"","ast-hfb-below-header-display":"","ast-hfb-mobile-header-display":"","site-post-title":"disabled","ast-breadcrumbs-content":"disabled","ast-featured-img":"disabled","footer-sml-layout":"","ast-disable-related-posts":"","theme-transparent-header-meta":"enabled","adv-header-id-meta":"","stick-header-meta":"","header-above-stick-meta":"","header-main-stick-meta":"","header-below-stick-meta":"","astra-migrate-meta-layouts":"set","ast-page-background-enabled":"default","ast-page-background-meta":{"desktop":{"background-color":"var(--ast-global-color-4)","background-image":"","background-repeat":"repeat","background-position":"center center","background-size":"auto","background-attachment":"scroll","background-type":"","background-media":"","overlay-type":"","overlay-color":"","overlay-opacity":"","overlay-gradient":""},"tablet":{"background-color":"","background-image":"","background-repeat":"repeat","background-position":"center center","background-size":"auto","background-attachment":"scroll","background-type":"","background-media":"","overlay-type":"","overlay-color":"","overlay-opacity":"","overlay-gradient":""},"mobile":{"background-color":"","background-image":"","background-repeat":"repeat","background-position":"center center","background-size":"auto","background-attachment":"scroll","background-type":"","background-media":"","overlay-type":"","overlay-color":"","overlay-opacity":"","overlay-gradient":""}},"ast-content-background-meta":{"desktop":{"background-color":"var(--ast-global-color-5)","background-image":"","background-repeat":"repeat","background-position":"center center","background-size":"auto","background-attachment":"scroll","background-type":"","background-media":"","overlay-type":"","overlay-color":"","overlay-opacity":"","overlay-gradient":""},"tablet":{"background-color":"var(--ast-global-color-5)","background-image":"","background-repeat":"repeat","background-position":"center center","background-size":"auto","background-attachment":"scroll","background-type":"","background-media":"","overlay-type":"","overlay-color":"","overlay-opacity":"","overlay-gradient":""},"mobile":{"background-color":"var(--ast-global-color-5)","background-image":"","background-repeat":"repeat","background-position":"center center","background-size":"auto","background-attachment":"scroll","background-type":"","background-media":"","overlay-type":"","overlay-color":"","overlay-opacity":"","overlay-gradient":""}},"footnotes":""},"class_list":["post-1206","page","type-page","status-publish","hentry"],"_links":{"self":[{"href":"https:\/\/santiagocelorio.com\/es\/wp-json\/wp\/v2\/pages\/1206","targetHints":{"allow":["GET"]}}],"collection":[{"href":"https:\/\/santiagocelorio.com\/es\/wp-json\/wp\/v2\/pages"}],"about":[{"href":"https:\/\/santiagocelorio.com\/es\/wp-json\/wp\/v2\/types\/page"}],"author":[{"embeddable":true,"href":"https:\/\/santiagocelorio.com\/es\/wp-json\/wp\/v2\/users\/1"}],"replies":[{"embeddable":true,"href":"https:\/\/santiagocelorio.com\/es\/wp-json\/wp\/v2\/comments?post=1206"}],"version-history":[{"count":22,"href":"https:\/\/santiagocelorio.com\/es\/wp-json\/wp\/v2\/pages\/1206\/revisions"}],"predecessor-version":[{"id":4693,"href":"https:\/\/santiagocelorio.com\/es\/wp-json\/wp\/v2\/pages\/1206\/revisions\/4693"}],"wp:attachment":[{"href":"https:\/\/santiagocelorio.com\/es\/wp-json\/wp\/v2\/media?parent=1206"}],"curies":[{"name":"wp","href":"https:\/\/api.w.org\/{rel}","templated":true}]}}