{"id":1226,"date":"2022-05-05T13:37:09","date_gmt":"2022-05-05T11:37:09","guid":{"rendered":"https:\/\/santiagocelorio.com\/index.php\/politica-de-privacidad\/"},"modified":"2024-05-17T17:34:30","modified_gmt":"2024-05-17T15:34:30","slug":"politica-de-privacidad","status":"publish","type":"page","link":"https:\/\/santiagocelorio.com\/es\/politica-de-privacidad\/","title":{"rendered":"Declaraci\u00f3n de privacidad"},"content":{"rendered":"\n<p>Me tomo muy en serio la protecci\u00f3n de tus datos personales. Trato tus datos personales de forma confidencial y de acuerdo con las normas legales de protecci\u00f3n de datos y esta pol\u00edtica de privacidad.<br>Me gustar\u00eda informarle sobre el tratamiento de datos personales en este sitio web.<br>S\u00f3lo trato sus datos personales si usted ha dado su consentimiento para ello o si existe una base legal para hacerlo.<\/p>\n\n\n\n<h5 class=\"wp-block-heading\" id=\"name-und-kontaktdaten-der-des-verantwortlichen\">Nombre y datos de contacto de la persona responsable<\/h5>\n\n\n\n<p>El responsable del tratamiento de los datos personales es<\/p>\n\n\n\n<p>Santiago Celorio Galan<br>Fischerinsel 10, 10179, Berl\u00edn<br>Tel: 017670618010<br>info@santiagocelorio.com<\/p>\n\n\n\n<h5 class=\"wp-block-heading\" id=\"verarbeitung-personenbezogener-daten-zweck-der-verwendung-und-rechts-grundlagen\">Tratamiento de datos personales, finalidad del uso y base jur\u00eddica<\/h5>\n\n\n\n<h5 class=\"wp-block-heading\" id=\"allgemein-besuch-der-website\">Generalidades &#8211; Visite el sitio web<\/h5>\n\n\n\n<p id=\"allgemein-besuch-der-website\">Cuando usted visita mi sitio web, la informaci\u00f3n es enviada al servidor de mi sitio web por el navegador utilizado en su dispositivo final.<br>Esta informaci\u00f3n se almacena temporalmente en los archivos de registro del servidor.  <\/p>\n\n\n\n<p>Se recoge la siguiente informaci\u00f3n:<br>&#8211; Direcci\u00f3n IP del ordenador solicitante,<br>&#8211; Fecha y hora de acceso,<br>&#8211; Nombre y URL del archivo recuperado,<br>&#8211; Sitio web previamente visitado (URL de referencia),<br>&#8211; El navegador utilizado y, en su caso, el sistema operativo de su ordenador, as\u00ed como el nombre de su proveedor de acceso.<br><br>Dichos datos se recogen y procesan para garantizar una conexi\u00f3n fluida con el sitio web y para mostrar el contenido correctamente.<br>Los datos se eliminan cuando ya no son necesarios.<br>La base legal para el tratamiento de datos es el art\u00edculo 6 (1) frase 1 lit. f GDPR.<br>Mi inter\u00e9s leg\u00edtimo se desprende de las finalidades de recogida de datos enumeradas anteriormente. En ning\u00fan caso utilizo los datos recogidos para sacar conclusiones sobre su persona.<\/p>\n\n\n\n<h5 class=\"wp-block-heading\" id=\"nutzung-der-kontaktaufnahme-per-e-mail\">Uso del contacto por correo electr\u00f3nico o redes sociales de mensajer\u00eda<\/h5>\n\n\n\n<p>Me gustar\u00eda se\u00f1alar que la transmisi\u00f3n a trav\u00e9s de Internet puede tener lagunas de seguridad. No es posible una protecci\u00f3n completa de los datos contra el acceso de terceros.<br>Si se pone en contacto conmigo por correo electr\u00f3nico, sus datos se tratar\u00e1n sobre la base de su consentimiento voluntario de conformidad con el art\u00edculo 6 (1) frase 1 lit. a GDPR.<br><br>El suministro de tu direcci\u00f3n de correo electr\u00f3nico v\u00e1lida es necesario para responder a sus consultas. Estos datos y su mensaje s\u00f3lo se almacenar\u00e1n para procesar y responder a su solicitud. Los datos se eliminan en cuanto dejan de ser necesarios y no hay obligaci\u00f3n legal de conservarlos. Sus datos no se transmitir\u00e1n a terceros.<br><br>Puedes revocar tu consentimiento en cualquier momento. La revocaci\u00f3n no afectar\u00e1 a la legalidad del tratamiento de los datos realizado sobre la base del consentimiento hasta la revocaci\u00f3n. Puedes enviar tu revocaci\u00f3n por escrito o por correo electr\u00f3nico a: info@santiagocelorio.com<br><br>En el caso de utilizar redes sociales de mensajer\u00eda (ej. WhatsApp, Telegram, Signal) para contactarme, consientes a que, a pesar de que la transmisi\u00f3n de datos est\u00e9 cifrada, cada plataforma cuenta con sus propias pol\u00edticas de manejo de datos y la informaci\u00f3n transmitida puede ser utilizada para los fines establecidos en las pol\u00edticas de privacidad de las plataformas utilizadas.<br><br>Por favor, no escribas ninguna informaci\u00f3n confidencial, especialmente datos de salud, en un correo electr\u00f3nico no cifrado o a trav\u00e9s de redes sociales de mensajer\u00eda, dado que la protecci\u00f3n de est\u00e1 informaci\u00f3n depende de las plataformas utlizadas para compartirla.<\/p>\n\n\n\n<h5 class=\"wp-block-heading\">Reservaci\u00f3n de citas en l\u00ednea<\/h5>\n\n\n\n<p>Si utiliza el sistema de citas en l\u00ednea en mi\/nuestra p\u00e1gina web, sus datos ser\u00e1n tratados sobre la base de su consentimiento voluntario de conformidad con el art\u00edculo 6 (1) frase 1 lit. a GDPR.<br>Para concertar una cita se requiere su nombre, direcci\u00f3n, n\u00famero de tel\u00e9fono y una direcci\u00f3n de correo electr\u00f3nico v\u00e1lida. Los datos se utilizar\u00e1n exclusivamente para la asignaci\u00f3n de citas en l\u00ednea y para la emisi\u00f3n de facturas por mis servicios. Los datos se eliminan en cuanto dejan de ser necesarios y no existe un periodo de conservaci\u00f3n legal. Sus datos no se transmitir\u00e1n a terceros.<br><br>Puede revocar su consentimiento en cualquier momento. La revocaci\u00f3n no afectar\u00e1 a la legalidad del consentimiento basado en el consentimiento hasta la revocaci\u00f3n del tratamiento de los datos. Puede enviar su retirada por escrito o por correo electr\u00f3nico a Santiago Celorio Gal\u00e1n, info@santiagocelorio.com<br><br>Para proteger la transmisi\u00f3n de contenidos confidenciales, se utiliza el cifrado SSL (Secure Socket Layer) con el m\u00e1ximo nivel de encriptaci\u00f3n. Puede reconocer una p\u00e1gina encriptada por la l\u00ednea de direcci\u00f3n del navegador, que cambia de \u00abhttp:\/\/\u00bb a \u00abhttps:\/\/\u00bb, o por el s\u00edmbolo del candado en la l\u00ednea del navegador.<\/p>\n\n\n\n<h5 class=\"wp-block-heading\">Al hacer el pedido a trav\u00e9s de mi sitio web<\/h5>\n\n\n\n<p>Tus datos personales se introducen en una m\u00e1scara de entrada y se me transmiten y almacenan. Si realizas un pedido a trav\u00e9s de mi sitio web, recopilamos los siguientes datos:<br><br>&#8211; Saludo, nombre y apellido,<br>&#8211; una direcci\u00f3n de correo electr\u00f3nico v\u00e1lida,<br>&#8211; Direcci\u00f3n,<br>&#8211; N\u00famero de tel\u00e9fono (fijo y\/o m\u00f3vil)<br><br>La recogida de estos datos se lleva a cabo,<br>&#8211; para poder identificarte como mi cliente;<br>&#8211; para poder procesar, cumplir y gestionar tu pedido;<br>&#8211; para la correspondencia contigo;<br>&#8211; para la facturaci\u00f3n;<br>&#8211; para la liquidaci\u00f3n de las reclamaciones de responsabilidad civil enumeradas, as\u00ed como la afirmaci\u00f3n de cualquier reclamaci\u00f3n contra ti;<br>&#8211; para garantizar la administraci\u00f3n t\u00e9cnica de mi sitio web;<br>&#8211; para gestionar los datos de mis clientes.<br><br>Como parte del proceso de pedido, se obtiene tu consentimiento para el tratamiento de estos datos.<br>El tratamiento de datos se lleva a cabo sobre la base de tu pedido y\/o registro y es conforme al Art. 6 para. 1 S. 1 lit. b DSGVO para los fines mencionados para la ejecuci\u00f3n de su pedido y para el cumplimiento mutuo de las obligaciones derivadas del contrato de compra.<br><br>Los datos personales recogidos por m\u00ed para la tramitaci\u00f3n de tu pedido se almacenar\u00e1n hasta que expire la obligaci\u00f3n legal de conservaci\u00f3n de los registros y, a continuaci\u00f3n, se eliminar\u00e1n, a menos que est\u00e9 obligado a hacerlo en virtud del art\u00edculo 6 P\u00e1rr. 1 S. 1 lit. c DSGVO debido a las obligaciones de almacenamiento y documentaci\u00f3n en virtud de la legislaci\u00f3n fiscal y comercial (de HGB, StGB o AO), o si das tu consentimiento para el almacenamiento en exceso de acuerdo con el Art. 6 P\u00e1rrafo. 1 S. 1 lit. a DSGVO.<\/p>\n\n\n\n<h5 class=\"wp-block-heading\">Env\u00edo electr\u00f3nico de facturas<\/h5>\n\n\n\n<p>Las facturas de mis servicios se env\u00edan por correo electr\u00f3nico. Estos documentos contienen datos personales (nombre, direcci\u00f3n) y posiblemente (en el caso de la psicoterapia seg\u00fan la Heilpraktikergesetz) datos m\u00e9dicos (diagn\u00f3stico CIE). Mis correos electr\u00f3nicos se env\u00edan mediante encriptaci\u00f3n est\u00e1ndar (TLS). Las facturas se adjuntan como documentos PDF. Al aceptar esta pol\u00edtica de privacidad, das tu consentimiento a la transmisi\u00f3n electr\u00f3nica de facturas. Puedes revocar este consentimiento en cualquier momento o solicitar un acuerdo diferente enviando un correo electr\u00f3nico a info@santiagocelorio.com.<\/p>\n\n\n\n<h5 class=\"wp-block-heading\" id=\"cookies\">Cookies<\/h5>\n\n\n\n<p>Utilizo cookies en mi sitio web. Las cookies son peque\u00f1os archivos de texto que se almacenan autom\u00e1ticamente en el navegador de tu dispositivo final (ordenador, port\u00e1til, tableta, smartphone o similar) cuando visitas mi sitio. La informaci\u00f3n de las cookies es enviada a nuestro servidor por tu navegador cada vez que visitas nuestro sitio web. Sin embargo, esto no significa que tengamos conocimiento directo de tu identidad.<br>Las cookies se utilizan para que el uso de mi sitio web sea m\u00e1s agradable, eficaz y seguro para ti.<br><br>Utilizo cookies temporales que s\u00f3lo se almacenan en el navegador de tu dispositivo final mientras dura tu visita a mi sitio web y se eliminan autom\u00e1ticamente en cuanto cierra su navegador. Tambi\u00e9n utilizo cookies persistentes. Estas permanecen almacenadas en tu navegador incluso despu\u00e9s de haber visitado mi sitio web.<br>Tu navegador puede ser configurado para informarte sobre las cookies y para permitir o excluir la aceptaci\u00f3n de cookies en general o en casos individuales. Puedes eliminar las cookies en cualquier momento a trav\u00e9s de la configuraci\u00f3n de tu navegador. Si se desactivan las cookies, la funcionalidad de este sitio web puede verse limitada.<br>Los datos tratados por las cookies son necesarios para los fines mencionados para proteger mis intereses leg\u00edtimos Art\u00edculo 6(1) frase 1 lit. f DSGVO.<\/p>\n\n\n\n<h5 class=\"wp-block-heading\" id=\"ihre-rechte\">Tus derechos<\/h5>\n\n\n\n<p>Tienes los siguientes derechos:<br>&#8211; Derecho a la informaci\u00f3n sobre tus datos personales tratados por m\u00ed (art\u00edculo 15 de la DSGVO), esto incluye tambi\u00e9n: informaci\u00f3n sobre la finalidad del tratamiento, la categor\u00eda de los datos personales, los destinatarios o categor\u00edas de destinatarios, el per\u00edodo de almacenamiento previsto,<br>&#8211; Derecho a la rectificaci\u00f3n inesperada de los datos inexactos o a completar los datos incompletos (art\u00edculo 16 del RGPD),<br>&#8211; Derecho de desistimiento inesperado (art\u00edculo 17 del RGPD),<br>&#8211; Derecho a la restricci\u00f3n del tratamiento (art\u00edculo 18 del RGPD),<br>&#8211; Derecho a la portabilidad de los datos (art\u00edculo 20 del RGPD),<br>&#8211; Derecho a retirar su consentimiento en cualquier momento (art\u00edculo 7.3 del RGPD),<br>&#8211; Derecho a oponerse al tratamiento cuando los datos se recogen sobre la base de intereses leg\u00edtimos seg\u00fan el art\u00edculo 6 (1) frase 1 lit. f GDPR, en la medida en que existan razones derivadas de su situaci\u00f3n particular (art\u00edculo 21 del RGPD), Modelo de declaraci\u00f3n de privacidad<br>&#8211; El derecho a no ser sometido a un tratamiento realizado \u00fanicamente por medios automatizados, incluida la elaboraci\u00f3n de perfiles, sobre la base de una decisi\u00f3n que produzca efectos jur\u00eddicos sobre ti o que te afecte significativamente de forma similar (Art. 22 del GDPR).<br>&#8211; Derecho a reclamar ante una autoridad de control: Tiene derecho a reclamar ante una autoridad de control (art\u00edculo 77 de la DSGVO). Por regla general, puede dirigirse a la autoridad de control de su lugar de residencia habitual o de su lugar de trabajo con este fin.<br><br>La autoridad supervisora responsable es:<\/p>\n\n\n\n<h5 class=\"wp-block-heading\">Responsable de la protecci\u00f3n de datos<\/h5>\n\n\n\n<p><strong>Sr. Rudolph<\/strong> (Oficina del Distrito de Mitte, Berl\u00edn)<\/p>\n\n\n\n<ul class=\"wp-block-list\"><li><a href=\"https:\/\/www.Berlin.de\/stadtplan\/?ADR_ZIP=10551&amp;ADR_CITY=Berlin&amp;ADR_STREET=Mathilde-Jacob-Platz&amp;ADR_HOUSE=1\" target=\"_blank\" rel=\"noreferrer noopener\">Mathilde-Jacob-Platz 1<br>10551Berl\u00edn<\/a><\/li><li>Sala: 243<\/li><li>Tel\u00e9fono: <a href=\"tel:030901833905\">(030) 9018-33905<\/a><\/li><li>Fax: (030) 9018-48833905<\/li><li><a href=\"mailto:datenschutz@ba-mitte.berlin.de\"><a href=\"mailto:datenschutz@ba-mitte.berlin.de\">datenschutz@ba-mitte.berlin.de<\/a><\/a><\/li><\/ul>\n\n\n\n<h5 class=\"wp-block-heading\" id=\"aktualitat-und-anderung-dieser-datenschutzerklarung\">Actualizaci\u00f3n y modificaci\u00f3n de esta pol\u00edtica de privacidad<\/h5>\n\n\n\n<p>Esta pol\u00edtica de privacidad es v\u00e1lida a partir de mayo de 2024. Me reservo el derecho de actualizar la pol\u00edtica de privacidad para mejorar la protecci\u00f3n de los datos o para adaptarme a un cambio en los requisitos normativos o judiciales.<\/p>\n","protected":false},"excerpt":{"rendered":"<p>Me tomo muy en serio la protecci\u00f3n de tus datos personales. Trato tus datos personales de forma confidencial y de acuerdo con las normas legales de protecci\u00f3n de datos y esta pol\u00edtica de privacidad.Me gustar\u00eda informarle sobre el tratamiento de datos personales en este sitio web.S\u00f3lo trato sus datos personales si usted ha dado su [&hellip;]<\/p>\n","protected":false},"author":1,"featured_media":0,"parent":0,"menu_order":0,"comment_status":"closed","ping_status":"closed","template":"","meta":{"site-sidebar-layout":"default","site-content-layout":"","ast-site-content-layout":"default","site-content-style":"default","site-sidebar-style":"default","ast-global-header-display":"","ast-banner-title-visibility":"","ast-main-header-display":"","ast-hfb-above-header-display":"","ast-hfb-below-header-display":"","ast-hfb-mobile-header-display":"","site-post-title":"","ast-breadcrumbs-content":"","ast-featured-img":"","footer-sml-layout":"","ast-disable-related-posts":"","theme-transparent-header-meta":"","adv-header-id-meta":"","stick-header-meta":"","header-above-stick-meta":"","header-main-stick-meta":"","header-below-stick-meta":"","astra-migrate-meta-layouts":"set","ast-page-background-enabled":"default","ast-page-background-meta":{"desktop":{"background-color":"var(--ast-global-color-4)","background-image":"","background-repeat":"repeat","background-position":"center center","background-size":"auto","background-attachment":"scroll","background-type":"","background-media":"","overlay-type":"","overlay-color":"","overlay-opacity":"","overlay-gradient":""},"tablet":{"background-color":"","background-image":"","background-repeat":"repeat","background-position":"center center","background-size":"auto","background-attachment":"scroll","background-type":"","background-media":"","overlay-type":"","overlay-color":"","overlay-opacity":"","overlay-gradient":""},"mobile":{"background-color":"","background-image":"","background-repeat":"repeat","background-position":"center center","background-size":"auto","background-attachment":"scroll","background-type":"","background-media":"","overlay-type":"","overlay-color":"","overlay-opacity":"","overlay-gradient":""}},"ast-content-background-meta":{"desktop":{"background-color":"var(--ast-global-color-5)","background-image":"","background-repeat":"repeat","background-position":"center center","background-size":"auto","background-attachment":"scroll","background-type":"","background-media":"","overlay-type":"","overlay-color":"","overlay-opacity":"","overlay-gradient":""},"tablet":{"background-color":"var(--ast-global-color-5)","background-image":"","background-repeat":"repeat","background-position":"center center","background-size":"auto","background-attachment":"scroll","background-type":"","background-media":"","overlay-type":"","overlay-color":"","overlay-opacity":"","overlay-gradient":""},"mobile":{"background-color":"var(--ast-global-color-5)","background-image":"","background-repeat":"repeat","background-position":"center center","background-size":"auto","background-attachment":"scroll","background-type":"","background-media":"","overlay-type":"","overlay-color":"","overlay-opacity":"","overlay-gradient":""}},"footnotes":""},"class_list":["post-1226","page","type-page","status-publish","hentry"],"_links":{"self":[{"href":"https:\/\/santiagocelorio.com\/es\/wp-json\/wp\/v2\/pages\/1226","targetHints":{"allow":["GET"]}}],"collection":[{"href":"https:\/\/santiagocelorio.com\/es\/wp-json\/wp\/v2\/pages"}],"about":[{"href":"https:\/\/santiagocelorio.com\/es\/wp-json\/wp\/v2\/types\/page"}],"author":[{"embeddable":true,"href":"https:\/\/santiagocelorio.com\/es\/wp-json\/wp\/v2\/users\/1"}],"replies":[{"embeddable":true,"href":"https:\/\/santiagocelorio.com\/es\/wp-json\/wp\/v2\/comments?post=1226"}],"version-history":[{"count":9,"href":"https:\/\/santiagocelorio.com\/es\/wp-json\/wp\/v2\/pages\/1226\/revisions"}],"predecessor-version":[{"id":4687,"href":"https:\/\/santiagocelorio.com\/es\/wp-json\/wp\/v2\/pages\/1226\/revisions\/4687"}],"wp:attachment":[{"href":"https:\/\/santiagocelorio.com\/es\/wp-json\/wp\/v2\/media?parent=1226"}],"curies":[{"name":"wp","href":"https:\/\/api.w.org\/{rel}","templated":true}]}}