{"id":1228,"date":"2022-05-15T16:12:41","date_gmt":"2022-05-15T14:12:41","guid":{"rendered":"https:\/\/santiagocelorio.com\/index.php\/informacion-legal\/"},"modified":"2023-01-25T23:05:44","modified_gmt":"2023-01-25T22:05:44","slug":"aviso-legal","status":"publish","type":"page","link":"https:\/\/santiagocelorio.com\/es\/aviso-legal\/","title":{"rendered":"Aviso legal"},"content":{"rendered":"<p><strong>T\u00edtulo del puesto:<\/strong> Profesional no m\u00e9dico de la psicoterapia<\/p>\n<p><strong>Fecha de la licencia:<\/strong> 30.12.2022<\/p>\n<p><strong>Autoridad reguladora:<\/strong> Autoridad sanitaria de Lichtenberg, Berl\u00edn<\/p>\n<p>Miembro de la Asociaci\u00f3n de Psicoterapeutas Independientes, Profesionales no M\u00e9dicos de la Psicoterapia y Consejeros Psicol\u00f3gicos (VFP)<\/p>\n<p><strong>N\u00famero de afiliaci\u00f3n:<\/strong> 135276<\/p>\n<p><span style=\"text-decoration: underline;\">Santiago Celorio Galan<\/span><br \/>\n<strong>Propietario:<\/strong> Santiago Celorio Galan<\/p>\n<p>Fischerinsel 10, 10179, Berl\u00edn<\/p>\n<p><strong>Director General:<\/strong> Santiago Celorio Galan<\/p>\n<p>Tel\u00e9fono: +491777894282<br \/>\nDirecci\u00f3n de correo electr\u00f3nico: info@santiagocelorio.com<\/p>\n<p><strong>N\u00famero de identificaci\u00f3n fiscal sobre las ventas:<\/strong> DE 352200384<\/p>\n<p><strong>Responsable del contenido:<\/strong> Santiago Celorio Galan<\/p>\n<p>Fischerinsel 10, 10179, Berl\u00edn<\/p>\n","protected":false},"excerpt":{"rendered":"<p>T\u00edtulo del puesto: Profesional no m\u00e9dico de la psicoterapia Fecha de la licencia: 30.12.2022 Autoridad reguladora: Autoridad sanitaria de Lichtenberg, Berl\u00edn Miembro de la Asociaci\u00f3n de Psicoterapeutas Independientes, Profesionales no M\u00e9dicos de la Psicoterapia y Consejeros Psicol\u00f3gicos (VFP) N\u00famero de afiliaci\u00f3n: 135276 Santiago Celorio Galan Propietario: Santiago Celorio Galan Fischerinsel 10, 10179, Berl\u00edn Director General: [&hellip;]<\/p>\n","protected":false},"author":1,"featured_media":0,"parent":0,"menu_order":0,"comment_status":"closed","ping_status":"closed","template":"","meta":{"site-sidebar-layout":"default","site-content-layout":"","ast-site-content-layout":"default","site-content-style":"default","site-sidebar-style":"default","ast-global-header-display":"","ast-banner-title-visibility":"","ast-main-header-display":"","ast-hfb-above-header-display":"","ast-hfb-below-header-display":"","ast-hfb-mobile-header-display":"","site-post-title":"","ast-breadcrumbs-content":"","ast-featured-img":"","footer-sml-layout":"","ast-disable-related-posts":"","theme-transparent-header-meta":"","adv-header-id-meta":"","stick-header-meta":"","header-above-stick-meta":"","header-main-stick-meta":"","header-below-stick-meta":"","astra-migrate-meta-layouts":"default","ast-page-background-enabled":"default","ast-page-background-meta":{"desktop":{"background-color":"var(--ast-global-color-4)","background-image":"","background-repeat":"repeat","background-position":"center center","background-size":"auto","background-attachment":"scroll","background-type":"","background-media":"","overlay-type":"","overlay-color":"","overlay-opacity":"","overlay-gradient":""},"tablet":{"background-color":"","background-image":"","background-repeat":"repeat","background-position":"center center","background-size":"auto","background-attachment":"scroll","background-type":"","background-media":"","overlay-type":"","overlay-color":"","overlay-opacity":"","overlay-gradient":""},"mobile":{"background-color":"","background-image":"","background-repeat":"repeat","background-position":"center center","background-size":"auto","background-attachment":"scroll","background-type":"","background-media":"","overlay-type":"","overlay-color":"","overlay-opacity":"","overlay-gradient":""}},"ast-content-background-meta":{"desktop":{"background-color":"var(--ast-global-color-5)","background-image":"","background-repeat":"repeat","background-position":"center center","background-size":"auto","background-attachment":"scroll","background-type":"","background-media":"","overlay-type":"","overlay-color":"","overlay-opacity":"","overlay-gradient":""},"tablet":{"background-color":"var(--ast-global-color-5)","background-image":"","background-repeat":"repeat","background-position":"center center","background-size":"auto","background-attachment":"scroll","background-type":"","background-media":"","overlay-type":"","overlay-color":"","overlay-opacity":"","overlay-gradient":""},"mobile":{"background-color":"var(--ast-global-color-5)","background-image":"","background-repeat":"repeat","background-position":"center center","background-size":"auto","background-attachment":"scroll","background-type":"","background-media":"","overlay-type":"","overlay-color":"","overlay-opacity":"","overlay-gradient":""}},"footnotes":""},"class_list":["post-1228","page","type-page","status-publish","hentry"],"_links":{"self":[{"href":"https:\/\/santiagocelorio.com\/es\/wp-json\/wp\/v2\/pages\/1228","targetHints":{"allow":["GET"]}}],"collection":[{"href":"https:\/\/santiagocelorio.com\/es\/wp-json\/wp\/v2\/pages"}],"about":[{"href":"https:\/\/santiagocelorio.com\/es\/wp-json\/wp\/v2\/types\/page"}],"author":[{"embeddable":true,"href":"https:\/\/santiagocelorio.com\/es\/wp-json\/wp\/v2\/users\/1"}],"replies":[{"embeddable":true,"href":"https:\/\/santiagocelorio.com\/es\/wp-json\/wp\/v2\/comments?post=1228"}],"version-history":[{"count":9,"href":"https:\/\/santiagocelorio.com\/es\/wp-json\/wp\/v2\/pages\/1228\/revisions"}],"predecessor-version":[{"id":2637,"href":"https:\/\/santiagocelorio.com\/es\/wp-json\/wp\/v2\/pages\/1228\/revisions\/2637"}],"wp:attachment":[{"href":"https:\/\/santiagocelorio.com\/es\/wp-json\/wp\/v2\/media?parent=1228"}],"curies":[{"name":"wp","href":"https:\/\/api.w.org\/{rel}","templated":true}]}}