{"id":1237,"date":"2022-05-09T15:22:02","date_gmt":"2022-05-09T13:22:02","guid":{"rendered":"https:\/\/santiagocelorio.com\/index.php\/mi-acercamiento\/"},"modified":"2025-02-09T09:29:34","modified_gmt":"2025-02-09T08:29:34","slug":"mi-acercamiento","status":"publish","type":"page","link":"https:\/\/santiagocelorio.com\/es\/mi-acercamiento\/","title":{"rendered":"Mi acercamiento"},"content":{"rendered":"\n<div style=\"height:201px\" aria-hidden=\"true\" class=\"wp-block-spacer\"><\/div>\n\n\n\n<div class=\"wp-block-cover alignfull\" style=\"min-height:150px;aspect-ratio:unset;\"><span aria-hidden=\"true\" class=\"wp-block-cover__background has-ast-global-color-4-background-color has-background-dim-100 has-background-dim\"><\/span><div class=\"wp-block-cover__inner-container is-layout-flow wp-block-cover-is-layout-flow\">\n<div class=\"wp-block-columns are-vertically-aligned-center is-layout-flex wp-container-core-columns-is-layout-28f84493 wp-block-columns-is-layout-flex\">\n<div class=\"wp-block-column is-vertically-aligned-center is-layout-flow wp-block-column-is-layout-flow\">\n<h1 class=\"wp-block-heading has-ast-global-color-2-color has-u-002-du-002-dast-global-color-2-color has-text-color\">Mi acercamiento<\/h1>\n<\/div>\n\n\n\n<div class=\"wp-block-column is-vertically-aligned-center is-layout-flow wp-block-column-is-layout-flow\">\n<hr class=\"wp-block-separator has-text-color has-u-002-du-002-dast-global-color-0-color has-css-opacity has-u-002-du-002-dast-global-color-0-background-color has-background has-ast-global-color-0-background-color has-ast-global-color-0-color is-style-wide\"\/>\n<\/div>\n<\/div>\n<\/div><\/div>\n\n\n\n<div class=\"wp-block-columns is-layout-flex wp-container-core-columns-is-layout-28f84493 wp-block-columns-is-layout-flex\">\n<div class=\"wp-block-column is-layout-flow wp-block-column-is-layout-flow\" style=\"flex-basis:100%\">\n<div class=\"wp-block-cover aligncenter is-light has-parallax\" style=\"min-height:600px;aspect-ratio:unset;\"><span aria-hidden=\"true\" class=\"wp-block-cover__background has-ast-global-color-5-background-color has-background-dim-0 has-background-dim\"><\/span><div class=\"wp-block-cover__image-background wp-image-867 has-parallax\" style=\"background-position:50% 50%;background-image:url(https:\/\/santiagocelorio.com\/wp-content\/uploads\/2022\/05\/pexels-s-migaj-747964dd-scaled.jpg)\"><\/div><div class=\"wp-block-cover__inner-container is-layout-flow wp-block-cover-is-layout-flow\">\n<div class=\"inherit-container-width wp-block-group alignwide is-layout-constrained wp-block-group-is-layout-constrained\"><div class=\"wp-block-group__inner-container\">\n<div class=\"wp-block-columns alignwide are-vertically-aligned-top is-layout-flex wp-container-core-columns-is-layout-28f84493 wp-block-columns-is-layout-flex\">\n<div class=\"wp-block-column is-vertically-aligned-top is-layout-flow wp-block-column-is-layout-flow\"><\/div>\n\n\n\n<div class=\"wp-block-column is-vertically-aligned-top has-ast-global-color-7-background-color has-background is-layout-flow wp-block-column-is-layout-flow\">\n<h2 class=\"wp-block-heading\">Terapia cognitivo-Conductual (centrada en la persona)<\/h2>\n\n\n\n<p class=\"has-text-align-center has-ast-global-color-0-color has-text-color\"><strong>Sanaci\u00f3n a trav\u00e9s de la integraci\u00f3n<\/strong><\/p>\n\n\n\n<p class=\"has-text-align-center\">En la terapia cognitivo-conductual identificamos <strong>patrones desbalanceados de pensar, actuar y sentir  y encontramos alternativas <\/strong>sanas para ellos.<\/p>\n\n\n\n<p class=\"has-text-align-center\">Adicionalmente tengo entrenamiento en el <strong>enfoque humanista<\/strong>, lo que significa que me concentro en tu experiencia y comprensi\u00f3n personal de la vida, en tus objetivos y retos individuales.<\/p>\n\n\n\n<p class=\"has-text-align-center\">Con frecuencia utilizo tambi\u00e9n herramientas de <strong>Mindfulness, terapia enfocada en las emociones y terapia sist\u00e9mica<\/strong> para complementar mi trabajo con individuos y parejas. <\/p>\n\n\n\n<p class=\"has-text-align-center\">Un objetivo principal de mi trabajo es la <strong>integraci\u00f3n<\/strong>. Esto implica <strong>reconciliar partes de nosotros mismos que est\u00e1n en conflicto<\/strong> . Durante mi trabajo invito a <strong>aceptar el conflicto interno y externo<\/strong> y aprender de \u00e9l. <\/p>\n\n\n\n<p class=\"has-text-align-center\">La autenticidad y la diversidad son valores importantes para m\u00ed, as\u00ed que <strong>todos los g\u00e9neros, orientaciones sexuales, inclinaciones pol\u00edticas, culturas y cuerpos son bienvenid@s sin excepci\u00f3n.<\/strong><\/p>\n<\/div>\n<\/div>\n<\/div><\/div>\n<\/div><\/div>\n\n\n\n<div style=\"height:40px\" aria-hidden=\"true\" class=\"wp-block-spacer\"><\/div>\n<\/div>\n<\/div>\n\n\n\n<div class=\"inherit-container-width wp-block-group alignwide is-layout-constrained wp-block-group-is-layout-constrained\"><div class=\"wp-block-group__inner-container\">\n<div class=\"wp-block-columns alignwide is-layout-flex wp-container-core-columns-is-layout-28f84493 wp-block-columns-is-layout-flex\">\n<div class=\"wp-block-column has-text-color has-background has-link-color wp-elements-4d4117e0be6bee0321ef3480d839d48a is-layout-flow wp-block-column-is-layout-flow\" style=\"color:#000000;background-color:#d1eedb;padding-top:2em;padding-right:2em;padding-bottom:2em;padding-left:2em\">\n<h2 class=\"wp-block-heading\" id=\"single\" style=\"font-size:40px\"><strong>Lo que hago<\/strong><\/h2>\n\n\n\n<p class=\"has-normal-font-size\" style=\"line-height:1.5\">Respetar, apoyar, comprender<\/p>\n\n\n\n<hr class=\"wp-block-separator has-text-color has-css-opacity has-background is-style-wide\" style=\"background-color:#000000;color:#000000\"\/>\n\n\n\n<ul class=\"wp-block-list\">\n<li>Ofrecerte mi simpat\u00eda y respeto<\/li>\n\n\n\n<li>Tratar de entenderte lo mejor que pueda<\/li>\n\n\n\n<li>Conocerte a trav\u00e9s de tu propia experiencia<\/li>\n\n\n\n<li>Ayudarte a adquirir estrategias para alcanzar tus metas y ser independiente<\/li>\n\n\n\n<li>Invitarte respetuosamente a considerar otras perspectivas.<\/li>\n\n\n\n<li>Hacerte compa\u00f1\u00eda en tu propio viaje de auto-descubrimiento<\/li>\n\n\n\n<li>Invitarte a comprender y ser compasivo contigo mismo y con los dem\u00e1s.<\/li>\n<\/ul>\n<\/div>\n\n\n\n<div class=\"wp-block-column has-text-color has-background has-link-color wp-elements-eb670ee8aea307bea8e74785065b186d is-layout-flow wp-block-column-is-layout-flow\" style=\"color:#000000;background-color:#efa2a2;padding-top:2em;padding-right:2em;padding-bottom:2em;padding-left:2em\">\n<h2 class=\"wp-block-heading\" id=\"family\" style=\"font-size:40px\"><strong>Lo que no hago<\/strong><\/h2>\n\n\n\n<p class=\"has-normal-font-size\" style=\"line-height:1.5\">Criticar, juzgar, imponer<\/p>\n\n\n\n<hr class=\"wp-block-separator has-css-opacity is-style-wide\"\/>\n\n\n\n<ul class=\"wp-block-list\">\n<li>Decirte lo que est\u00e1 <em>bien<\/em> o <em>mal<\/em><\/li>\n\n\n\n<li>Juzgarte a ti o a tus decisiones<\/li>\n\n\n\n<li>Hacerte perder tu tiempo o energ\u00eda<\/li>\n\n\n\n<li>Imponer mi opini\u00f3n<\/li>\n\n\n\n<li>Hacer generalizaciones o suposiciones previas<\/li>\n\n\n\n<li>Esperar que hagas lo que creo mejor<\/li>\n\n\n\n<li>Hacerte dependiente de mi asesoramiento<\/li>\n\n\n\n<li>Asumir que yo s\u00e9 m\u00e1s que t\u00fa sobre tu situaci\u00f3n<\/li>\n<\/ul>\n<\/div>\n<\/div>\n<\/div><\/div>\n","protected":false},"excerpt":{"rendered":"<p>Lo que hago Respetar, apoyar, comprender Lo que no hago Criticar, juzgar, imponer<\/p>\n","protected":false},"author":1,"featured_media":0,"parent":0,"menu_order":0,"comment_status":"closed","ping_status":"closed","template":"","meta":{"site-sidebar-layout":"no-sidebar","site-content-layout":"plain-container","ast-site-content-layout":"normal-width-container","site-content-style":"unboxed","site-sidebar-style":"unboxed","ast-global-header-display":"","ast-banner-title-visibility":"","ast-main-header-display":"","ast-hfb-above-header-display":"","ast-hfb-below-header-display":"","ast-hfb-mobile-header-display":"","site-post-title":"disabled","ast-breadcrumbs-content":"disabled","ast-featured-img":"disabled","footer-sml-layout":"","ast-disable-related-posts":"","theme-transparent-header-meta":"enabled","adv-header-id-meta":"","stick-header-meta":"","header-above-stick-meta":"","header-main-stick-meta":"","header-below-stick-meta":"","astra-migrate-meta-layouts":"set","ast-page-background-enabled":"default","ast-page-background-meta":{"desktop":{"background-color":"var(--ast-global-color-4)","background-image":"","background-repeat":"repeat","background-position":"center center","background-size":"auto","background-attachment":"scroll","background-type":"","background-media":"","overlay-type":"","overlay-color":"","overlay-opacity":"","overlay-gradient":""},"tablet":{"background-color":"","background-image":"","background-repeat":"repeat","background-position":"center center","background-size":"auto","background-attachment":"scroll","background-type":"","background-media":"","overlay-type":"","overlay-color":"","overlay-opacity":"","overlay-gradient":""},"mobile":{"background-color":"","background-image":"","background-repeat":"repeat","background-position":"center center","background-size":"auto","background-attachment":"scroll","background-type":"","background-media":"","overlay-type":"","overlay-color":"","overlay-opacity":"","overlay-gradient":""}},"ast-content-background-meta":{"desktop":{"background-color":"var(--ast-global-color-5)","background-image":"","background-repeat":"repeat","background-position":"center center","background-size":"auto","background-attachment":"scroll","background-type":"","background-media":"","overlay-type":"","overlay-color":"","overlay-opacity":"","overlay-gradient":""},"tablet":{"background-color":"var(--ast-global-color-5)","background-image":"","background-repeat":"repeat","background-position":"center center","background-size":"auto","background-attachment":"scroll","background-type":"","background-media":"","overlay-type":"","overlay-color":"","overlay-opacity":"","overlay-gradient":""},"mobile":{"background-color":"var(--ast-global-color-5)","background-image":"","background-repeat":"repeat","background-position":"center center","background-size":"auto","background-attachment":"scroll","background-type":"","background-media":"","overlay-type":"","overlay-color":"","overlay-opacity":"","overlay-gradient":""}},"footnotes":""},"class_list":["post-1237","page","type-page","status-publish","hentry"],"_links":{"self":[{"href":"https:\/\/santiagocelorio.com\/es\/wp-json\/wp\/v2\/pages\/1237","targetHints":{"allow":["GET"]}}],"collection":[{"href":"https:\/\/santiagocelorio.com\/es\/wp-json\/wp\/v2\/pages"}],"about":[{"href":"https:\/\/santiagocelorio.com\/es\/wp-json\/wp\/v2\/types\/page"}],"author":[{"embeddable":true,"href":"https:\/\/santiagocelorio.com\/es\/wp-json\/wp\/v2\/users\/1"}],"replies":[{"embeddable":true,"href":"https:\/\/santiagocelorio.com\/es\/wp-json\/wp\/v2\/comments?post=1237"}],"version-history":[{"count":18,"href":"https:\/\/santiagocelorio.com\/es\/wp-json\/wp\/v2\/pages\/1237\/revisions"}],"predecessor-version":[{"id":5288,"href":"https:\/\/santiagocelorio.com\/es\/wp-json\/wp\/v2\/pages\/1237\/revisions\/5288"}],"wp:attachment":[{"href":"https:\/\/santiagocelorio.com\/es\/wp-json\/wp\/v2\/media?parent=1237"}],"curies":[{"name":"wp","href":"https:\/\/api.w.org\/{rel}","templated":true}]}}