{"id":1241,"date":"2022-05-11T14:54:02","date_gmt":"2022-05-11T12:54:02","guid":{"rendered":"https:\/\/santiagocelorio.com\/index.php\/sala-de-consejeria\/"},"modified":"2024-04-17T21:27:32","modified_gmt":"2024-04-17T19:27:32","slug":"consultorio","status":"publish","type":"page","link":"https:\/\/santiagocelorio.com\/es\/consultorio\/","title":{"rendered":"Consultorio"},"content":{"rendered":"\n<div style=\"height:250px\" aria-hidden=\"true\" class=\"wp-block-spacer\"><\/div>\n\n\n\n<div class=\"wp-block-cover alignfull\" style=\"min-height:150px;aspect-ratio:unset;\"><span aria-hidden=\"true\" class=\"wp-block-cover__background has-ast-global-color-4-background-color has-background-dim-100 has-background-dim\"><\/span><div class=\"wp-block-cover__inner-container is-layout-flow wp-block-cover-is-layout-flow\">\n<div class=\"wp-block-columns are-vertically-aligned-center is-layout-flex wp-container-core-columns-is-layout-28f84493 wp-block-columns-is-layout-flex\">\n<div class=\"wp-block-column is-vertically-aligned-center is-layout-flow wp-block-column-is-layout-flow\">\n<h1 class=\"wp-block-heading has-ast-global-color-2-color has-text-color\">Consultorio<\/h1>\n<\/div>\n\n\n\n<div class=\"wp-block-column is-vertically-aligned-center is-layout-flow wp-block-column-is-layout-flow\">\n<hr class=\"wp-block-separator has-text-color has-ast-global-color-0-color has-css-opacity has-ast-global-color-0-background-color has-background is-style-wide\"\/>\n<\/div>\n<\/div>\n<\/div><\/div>\n\n\n\n<div class=\"wp-block-columns is-layout-flex wp-container-core-columns-is-layout-28f84493 wp-block-columns-is-layout-flex\">\n<div class=\"wp-block-column is-layout-flow wp-block-column-is-layout-flow\">\n<div style=\"height:10px\" aria-hidden=\"true\" class=\"wp-block-spacer\"><\/div>\n\n\n\n<figure class=\"wp-block-image size-large is-resized has-custom-border is-style-rounded\"><img loading=\"lazy\" decoding=\"async\" width=\"1024\" height=\"771\" src=\"http:\/\/santiagocelorio.com\/wp-content\/uploads\/2023\/12\/IMG_20231208_135349-1024x771.jpg\" alt=\"\" class=\"wp-image-4264\" style=\"border-radius:64px;width:500px\" srcset=\"https:\/\/santiagocelorio.com\/wp-content\/uploads\/2023\/12\/IMG_20231208_135349-1024x771.jpg 1024w, https:\/\/santiagocelorio.com\/wp-content\/uploads\/2023\/12\/IMG_20231208_135349-300x226.jpg 300w, https:\/\/santiagocelorio.com\/wp-content\/uploads\/2023\/12\/IMG_20231208_135349-397x299.jpg 397w, https:\/\/santiagocelorio.com\/wp-content\/uploads\/2023\/12\/IMG_20231208_135349-768x578.jpg 768w, https:\/\/santiagocelorio.com\/wp-content\/uploads\/2023\/12\/IMG_20231208_135349-1536x1157.jpg 1536w, https:\/\/santiagocelorio.com\/wp-content\/uploads\/2023\/12\/IMG_20231208_135349-2048x1542.jpg 2048w, https:\/\/santiagocelorio.com\/wp-content\/uploads\/2023\/12\/IMG_20231208_135349-600x452.jpg 600w\" sizes=\"auto, (max-width: 1024px) 100vw, 1024px\" \/><\/figure>\n<\/div>\n\n\n\n<div class=\"wp-block-column is-layout-flow wp-block-column-is-layout-flow\">\n<h2 class=\"wp-block-heading\">Consultorio en Berl\u00edn<\/h2>\n\n\n\n<p>Mi consultorio se encuentra en<strong> Gormannstra\u00dfe 14, 10119, Berl\u00edn, Alemania. <\/strong>Por favor, echa un vistazo a la <a title=\"Contacto\" href=\"https:\/\/santiagocelorio.com\/index.php\/contact\/\">p\u00e1gina de Contacto<\/a> si quieres m\u00e1s informaci\u00f3n sobre c\u00f3mo llegar. <\/p>\n\n\n\n<p>El consultorio est\u00e1 ubicada la <strong>parte lateral izquierda del complejo de edificios en el tercer piso<\/strong>.<\/p>\n\n\n\n<p>Tambi\u00e9n dispongo de un cuarto grande en la planta baja para personas con discapacidad, afecciones relacionadas con la edad o enfermedades cr\u00f3nicas (por ejemplo, Long-COVID). Si deseas utilizar esta sala, ponte en contacto conmigo antes de reservar.<\/p>\n<\/div>\n<\/div>\n\n\n\n<div class=\"inherit-container-width wp-block-group alignfull has-ast-global-color-5-background-color has-background is-layout-constrained wp-block-group-is-layout-constrained\"><div class=\"wp-block-group__inner-container\">\n<h2 class=\"wp-block-heading\">\u00bfQu\u00e9 puedes esperar?<\/h2>\n\n\n\n<ul class=\"wp-block-list\">\n<li>Una atm\u00f3sfera profesional<\/li>\n\n\n\n<li>Un ambiente limpio y organizado<\/li>\n\n\n\n<li>Bonita y acogedora decoraci\u00f3n<\/li>\n\n\n\n<li>Excelente ubicaci\u00f3n en la ciudad con excelentes conexiones para el transporte p\u00fablico<\/li>\n<\/ul>\n<\/div><\/div>\n","protected":false},"excerpt":{"rendered":"<p>Consultorio en Berl\u00edn Mi consultorio se encuentra en Gormannstra\u00dfe 14, 10119, Berl\u00edn, Alemania. Por favor, echa un vistazo a la p\u00e1gina de Contacto si quieres m\u00e1s informaci\u00f3n sobre c\u00f3mo llegar. El consultorio est\u00e1 ubicada la parte lateral izquierda del complejo de edificios en el tercer piso. Tambi\u00e9n dispongo de un cuarto grande en la planta [&hellip;]<\/p>\n","protected":false},"author":1,"featured_media":0,"parent":0,"menu_order":0,"comment_status":"closed","ping_status":"closed","template":"","meta":{"site-sidebar-layout":"no-sidebar","site-content-layout":"plain-container","ast-site-content-layout":"normal-width-container","site-content-style":"unboxed","site-sidebar-style":"unboxed","ast-global-header-display":"","ast-banner-title-visibility":"","ast-main-header-display":"","ast-hfb-above-header-display":"","ast-hfb-below-header-display":"","ast-hfb-mobile-header-display":"","site-post-title":"disabled","ast-breadcrumbs-content":"disabled","ast-featured-img":"disabled","footer-sml-layout":"","ast-disable-related-posts":"","theme-transparent-header-meta":"enabled","adv-header-id-meta":"","stick-header-meta":"","header-above-stick-meta":"","header-main-stick-meta":"","header-below-stick-meta":"","astra-migrate-meta-layouts":"set","ast-page-background-enabled":"default","ast-page-background-meta":{"desktop":{"background-color":"var(--ast-global-color-4)","background-image":"","background-repeat":"repeat","background-position":"center center","background-size":"auto","background-attachment":"scroll","background-type":"","background-media":"","overlay-type":"","overlay-color":"","overlay-opacity":"","overlay-gradient":""},"tablet":{"background-color":"","background-image":"","background-repeat":"repeat","background-position":"center center","background-size":"auto","background-attachment":"scroll","background-type":"","background-media":"","overlay-type":"","overlay-color":"","overlay-opacity":"","overlay-gradient":""},"mobile":{"background-color":"","background-image":"","background-repeat":"repeat","background-position":"center center","background-size":"auto","background-attachment":"scroll","background-type":"","background-media":"","overlay-type":"","overlay-color":"","overlay-opacity":"","overlay-gradient":""}},"ast-content-background-meta":{"desktop":{"background-color":"var(--ast-global-color-5)","background-image":"","background-repeat":"repeat","background-position":"center center","background-size":"auto","background-attachment":"scroll","background-type":"","background-media":"","overlay-type":"","overlay-color":"","overlay-opacity":"","overlay-gradient":""},"tablet":{"background-color":"var(--ast-global-color-5)","background-image":"","background-repeat":"repeat","background-position":"center center","background-size":"auto","background-attachment":"scroll","background-type":"","background-media":"","overlay-type":"","overlay-color":"","overlay-opacity":"","overlay-gradient":""},"mobile":{"background-color":"var(--ast-global-color-5)","background-image":"","background-repeat":"repeat","background-position":"center center","background-size":"auto","background-attachment":"scroll","background-type":"","background-media":"","overlay-type":"","overlay-color":"","overlay-opacity":"","overlay-gradient":""}},"footnotes":""},"class_list":["post-1241","page","type-page","status-publish","hentry"],"_links":{"self":[{"href":"https:\/\/santiagocelorio.com\/es\/wp-json\/wp\/v2\/pages\/1241","targetHints":{"allow":["GET"]}}],"collection":[{"href":"https:\/\/santiagocelorio.com\/es\/wp-json\/wp\/v2\/pages"}],"about":[{"href":"https:\/\/santiagocelorio.com\/es\/wp-json\/wp\/v2\/types\/page"}],"author":[{"embeddable":true,"href":"https:\/\/santiagocelorio.com\/es\/wp-json\/wp\/v2\/users\/1"}],"replies":[{"embeddable":true,"href":"https:\/\/santiagocelorio.com\/es\/wp-json\/wp\/v2\/comments?post=1241"}],"version-history":[{"count":13,"href":"https:\/\/santiagocelorio.com\/es\/wp-json\/wp\/v2\/pages\/1241\/revisions"}],"predecessor-version":[{"id":4537,"href":"https:\/\/santiagocelorio.com\/es\/wp-json\/wp\/v2\/pages\/1241\/revisions\/4537"}],"wp:attachment":[{"href":"https:\/\/santiagocelorio.com\/es\/wp-json\/wp\/v2\/media?parent=1241"}],"curies":[{"name":"wp","href":"https:\/\/api.w.org\/{rel}","templated":true}]}}