{"id":1255,"date":"2022-05-07T08:40:23","date_gmt":"2022-05-07T06:40:23","guid":{"rendered":"https:\/\/santiagocelorio.com\/index.php\/consejeria-de-pareja-y-grupo\/"},"modified":"2024-07-13T13:26:02","modified_gmt":"2024-07-13T11:26:02","slug":"terapia-de-pareja","status":"publish","type":"page","link":"https:\/\/santiagocelorio.com\/es\/terapia-de-pareja\/","title":{"rendered":"Terapia de pareja"},"content":{"rendered":"\n<div style=\"height:250px\" aria-hidden=\"true\" class=\"wp-block-spacer\"><\/div>\n\n\n\n<div class=\"wp-block-cover alignfull\" style=\"min-height:166px;aspect-ratio:unset;\"><span aria-hidden=\"true\" class=\"wp-block-cover__background has-ast-global-color-4-background-color has-background-dim-100 has-background-dim\"><\/span><div class=\"wp-block-cover__inner-container is-layout-flow wp-block-cover-is-layout-flow\">\n<div class=\"wp-block-columns are-vertically-aligned-center is-layout-flex wp-container-core-columns-is-layout-28f84493 wp-block-columns-is-layout-flex\">\n<div class=\"wp-block-column is-vertically-aligned-center is-layout-flow wp-block-column-is-layout-flow\">\n<h1 class=\"wp-block-heading has-ast-global-color-2-color has-text-color\">Terapia de pareja<\/h1>\n<\/div>\n\n\n\n<div class=\"wp-block-column is-vertically-aligned-center is-layout-flow wp-block-column-is-layout-flow\">\n<hr class=\"wp-block-separator has-text-color has-ast-global-color-0-color has-css-opacity has-ast-global-color-0-background-color has-background is-style-wide\"\/>\n<\/div>\n<\/div>\n<\/div><\/div>\n\n\n\n<h2 class=\"wp-block-heading\">Algunos temas<\/h2>\n\n\n\n<hr class=\"wp-block-separator has-alpha-channel-opacity\"\/>\n\n\n\n<div class=\"wp-block-columns is-layout-flex wp-container-core-columns-is-layout-28f84493 wp-block-columns-is-layout-flex\">\n<div class=\"wp-block-column is-layout-flow wp-block-column-is-layout-flow\">\n<ul class=\"wp-block-list\">\n<li>Revitalizar la <strong>sexualidad, el placer y la alegr\u00eda<\/strong><\/li>\n\n\n\n<li><strong>Relaciones interculturales<\/strong> (cultura, expectativas, lengua, din\u00e1mica)<\/li>\n\n\n\n<li><strong>Problemas de comunicaci\u00f3n<\/strong> (malentendidos, ocultaci\u00f3n)<\/li>\n\n\n\n<li>Abrir o cerrar una relaci\u00f3n (rom\u00e1ntica y\/o sexual)<\/li>\n\n\n\n<li>Apego y autonom\u00eda en la relaci\u00f3n<\/li>\n<\/ul>\n<\/div>\n\n\n\n<div class=\"wp-block-column is-layout-flow wp-block-column-is-layout-flow\">\n<ul class=\"wp-block-list\">\n<li><strong>Proyectos de vida<\/strong> (planificaci\u00f3n inmobiliaria, matrimonio, paternidad, apertura de un negocio)<\/li>\n\n\n\n<li><strong>Afrontar experiencias dolorosas <\/strong>(enga\u00f1o, separaci\u00f3n o divorcio, p\u00e9rdida, desconfianza)<\/li>\n\n\n\n<li>Empat\u00eda y comprensi\u00f3n (para m\u00ed y para mi pareja)<\/li>\n\n\n\n<li><strong>Violencia o agresividad<\/strong><\/li>\n<\/ul>\n<\/div>\n<\/div>\n\n\n\n<h2 class=\"wp-block-heading\">\u00bfC\u00f3mo funciona?<\/h2>\n\n\n\n<p>1) <strong>Al principio quiero conocerlos<\/strong>; sus deseos, sus preocupaciones y lo que ustedes creen que ocurre en su relaci\u00f3n<\/p>\n\n\n\n<p>2) Al final de la segunda sesi\u00f3n les digo <strong>el resultado de mi evaluaci\u00f3n<\/strong>. Esto incluye un modelo explicativo de su situaci\u00f3n<\/p>\n\n\n\n<p>3) Defino con ustedes <strong>tres objetivos principales y un plan<\/strong> para alcanzarlos. Este plan lo iremos adaptando seg\u00fan sus necesidades<\/p>\n\n\n\n<p>4) Al final del tratamiento, <strong>resumimos lo que hemos aprendido y decidimos si se sienten preparados<\/strong> para poner fin a nuestra colaboraci\u00f3n o si necesitan m\u00e1s apoyo<\/p>\n\n\n\n<p><strong>Condiciones<\/strong><\/p>\n\n\n\n<ul class=\"wp-block-list\">\n<li>Sesiones de 60 min<\/li>\n\n\n\n<li>Entre 6 y 12 sesiones en total (se pueden realizar m\u00e1s si es necesario)<\/li>\n\n\n\n<li>Sesiones de asesoramiento tambi\u00e9n sin \u201cproblemas concretos\u201d. El objetivo es mejorar su calidad de vida<\/li>\n<\/ul>\n\n\n\n<p><strong>*Un enfoque de mi asesoramiento son las relaciones alternativas y no mon\u00f3gamas (por ejemplo, la anarqu\u00eda de las relaciones, el poliamor, las relaciones abiertas, la asexualidad, las familias no convencionales). Por lo tanto, estar\u00eda encantado de apoyarles con el dise\u00f1o de su constelaci\u00f3n de amor individual<\/strong><\/p>\n\n\n\n<div style=\"height:15px\" aria-hidden=\"true\" class=\"wp-block-spacer\"><\/div>\n\n\n\n<h2 class=\"wp-block-heading\">\u00bfPara qui\u00e9nes?<\/h2>\n\n\n\n<ul class=\"wp-block-list\">\n<li>Relaciones rom\u00e1nticas<\/li>\n\n\n\n<li>Familiares y amistades<\/li>\n\n\n\n<li>Compa\u00f1eros de trabajo o equipos de trabajo<\/li>\n\n\n\n<li>Relaciones poliamorosas y relaciones abiertas<\/li>\n\n\n\n<li>Relaciones de anaraqu\u00eda relacional<\/li>\n<\/ul>\n\n\n\n<h2 class=\"wp-block-heading\">\u00bfQu\u00e9 pueden esperar?<\/h2>\n\n\n\n<ul class=\"wp-block-list\">\n<li>Evaluaci\u00f3n de su situaci\u00f3n actual<\/li>\n\n\n\n<li>Establecimiento colaborativo de metas<\/li>\n\n\n\n<li>Adquisici\u00f3n de herramientas y estrategias para la vida cotidiana<\/li>\n\n\n\n<li>Conversaciones sin prejuicios y emp\u00e1ticas<\/li>\n\n\n\n<li>Enfoque imparcial e igualitario<\/li>\n\n\n\n<li>Asesoramiento horizontal y amable<\/li>\n\n\n\n<li>Nuevos conocimientos y perspectivas para los desaf\u00edos conocidos<\/li>\n<\/ul>\n\n\n\n<p><strong>Si tienes m\u00e1s preguntas, puedes leer la secci\u00f3n de <em><a title=\"Preguntas m\u00e1s frecuentes\" href=\"https:\/\/santiagocelorio.com\/index.php\/faq\/\">preguntas frecuentes<\/a> <\/em>o <\/strong><a title=\"escribirme para una solicitud m\u00e1s espec\u00edfica.\" href=\"http:\/\/santiagocelorio.com\/es\/contacto\"><strong><em>escribirme para una solicitud m\u00e1s espec\u00edfica<\/em><\/strong><\/a><\/p>\n\n\n\n<figure class=\"wp-block-image aligncenter size-large is-resized has-custom-border is-style-rounded\"><img loading=\"lazy\" decoding=\"async\" width=\"1024\" height=\"522\" src=\"http:\/\/santiagocelorio.com\/wp-content\/uploads\/2022\/06\/Couples-1024x522.png\" alt=\"\" class=\"wp-image-1822\" style=\"border-radius:70px;width:800px\" srcset=\"https:\/\/santiagocelorio.com\/wp-content\/uploads\/2022\/06\/Couples-1024x522.png 1024w, https:\/\/santiagocelorio.com\/wp-content\/uploads\/2022\/06\/Couples-300x153.png 300w, https:\/\/santiagocelorio.com\/wp-content\/uploads\/2022\/06\/Couples-768x391.png 768w, https:\/\/santiagocelorio.com\/wp-content\/uploads\/2022\/06\/Couples-1536x783.png 1536w, https:\/\/santiagocelorio.com\/wp-content\/uploads\/2022\/06\/Couples-2048x1044.png 2048w, https:\/\/santiagocelorio.com\/wp-content\/uploads\/2022\/06\/Couples-600x306.png 600w\" sizes=\"auto, (max-width: 1024px) 100vw, 1024px\" \/><\/figure>\n","protected":false},"excerpt":{"rendered":"<p>Algunos temas \u00bfC\u00f3mo funciona? 1) Al principio quiero conocerlos; sus deseos, sus preocupaciones y lo que ustedes creen que ocurre en su relaci\u00f3n 2) Al final de la segunda sesi\u00f3n les digo el resultado de mi evaluaci\u00f3n. Esto incluye un modelo explicativo de su situaci\u00f3n 3) Defino con ustedes tres objetivos principales y un plan [&hellip;]<\/p>\n","protected":false},"author":1,"featured_media":0,"parent":0,"menu_order":0,"comment_status":"closed","ping_status":"closed","template":"","meta":{"site-sidebar-layout":"no-sidebar","site-content-layout":"plain-container","ast-site-content-layout":"normal-width-container","site-content-style":"unboxed","site-sidebar-style":"unboxed","ast-global-header-display":"","ast-banner-title-visibility":"","ast-main-header-display":"","ast-hfb-above-header-display":"","ast-hfb-below-header-display":"","ast-hfb-mobile-header-display":"","site-post-title":"disabled","ast-breadcrumbs-content":"disabled","ast-featured-img":"disabled","footer-sml-layout":"","ast-disable-related-posts":"","theme-transparent-header-meta":"enabled","adv-header-id-meta":"","stick-header-meta":"","header-above-stick-meta":"","header-main-stick-meta":"","header-below-stick-meta":"","astra-migrate-meta-layouts":"set","ast-page-background-enabled":"default","ast-page-background-meta":{"desktop":{"background-color":"var(--ast-global-color-4)","background-image":"","background-repeat":"repeat","background-position":"center center","background-size":"auto","background-attachment":"scroll","background-type":"","background-media":"","overlay-type":"","overlay-color":"","overlay-opacity":"","overlay-gradient":""},"tablet":{"background-color":"","background-image":"","background-repeat":"repeat","background-position":"center center","background-size":"auto","background-attachment":"scroll","background-type":"","background-media":"","overlay-type":"","overlay-color":"","overlay-opacity":"","overlay-gradient":""},"mobile":{"background-color":"","background-image":"","background-repeat":"repeat","background-position":"center center","background-size":"auto","background-attachment":"scroll","background-type":"","background-media":"","overlay-type":"","overlay-color":"","overlay-opacity":"","overlay-gradient":""}},"ast-content-background-meta":{"desktop":{"background-color":"var(--ast-global-color-5)","background-image":"","background-repeat":"repeat","background-position":"center center","background-size":"auto","background-attachment":"scroll","background-type":"","background-media":"","overlay-type":"","overlay-color":"","overlay-opacity":"","overlay-gradient":""},"tablet":{"background-color":"var(--ast-global-color-5)","background-image":"","background-repeat":"repeat","background-position":"center center","background-size":"auto","background-attachment":"scroll","background-type":"","background-media":"","overlay-type":"","overlay-color":"","overlay-opacity":"","overlay-gradient":""},"mobile":{"background-color":"var(--ast-global-color-5)","background-image":"","background-repeat":"repeat","background-position":"center center","background-size":"auto","background-attachment":"scroll","background-type":"","background-media":"","overlay-type":"","overlay-color":"","overlay-opacity":"","overlay-gradient":""}},"footnotes":""},"class_list":["post-1255","page","type-page","status-publish","hentry"],"_links":{"self":[{"href":"https:\/\/santiagocelorio.com\/es\/wp-json\/wp\/v2\/pages\/1255","targetHints":{"allow":["GET"]}}],"collection":[{"href":"https:\/\/santiagocelorio.com\/es\/wp-json\/wp\/v2\/pages"}],"about":[{"href":"https:\/\/santiagocelorio.com\/es\/wp-json\/wp\/v2\/types\/page"}],"author":[{"embeddable":true,"href":"https:\/\/santiagocelorio.com\/es\/wp-json\/wp\/v2\/users\/1"}],"replies":[{"embeddable":true,"href":"https:\/\/santiagocelorio.com\/es\/wp-json\/wp\/v2\/comments?post=1255"}],"version-history":[{"count":30,"href":"https:\/\/santiagocelorio.com\/es\/wp-json\/wp\/v2\/pages\/1255\/revisions"}],"predecessor-version":[{"id":4932,"href":"https:\/\/santiagocelorio.com\/es\/wp-json\/wp\/v2\/pages\/1255\/revisions\/4932"}],"wp:attachment":[{"href":"https:\/\/santiagocelorio.com\/es\/wp-json\/wp\/v2\/media?parent=1255"}],"curies":[{"name":"wp","href":"https:\/\/api.w.org\/{rel}","templated":true}]}}