{"id":1532,"date":"2022-06-10T10:31:40","date_gmt":"2022-06-10T08:31:40","guid":{"rendered":"https:\/\/santiagocelorio.com\/index.php\/widerruf\/"},"modified":"2023-04-08T15:41:54","modified_gmt":"2023-04-08T13:41:54","slug":"politica-de-revocacion","status":"publish","type":"page","link":"https:\/\/santiagocelorio.com\/es\/politica-de-revocacion\/","title":{"rendered":"Pol\u00edtica de revocaci\u00f3n"},"content":{"rendered":"<p><strong>Pol\u00edtica de revocaci\u00f3n<\/strong><\/p>\n<p>Los servicios de esta p\u00e1gina son exclusivamente consultas terap\u00e9uticas o de asesoramiento, que deben considerarse como servicios individuales. El contrato entre el proveedor y el cliente se considera entonces completamente cumplido al final de cada sesi\u00f3n reservada, siempre y cuando se haya prestado en toda la extensi\u00f3n acordada. Al aceptar los t\u00e9rminos y condiciones, el cliente renuncia al derecho de cancelaci\u00f3n despu\u00e9s de haber recibido el servicio completo del proveedor.<\/p>\n<p>Sin embargo, la cancelaci\u00f3n de la cita reservada es posible siempre y cuando se cancele con 48 horas de antelaci\u00f3n a la franja horaria acordada. Para ello, se deber\u00e1 utilizar el sistema de reservas de la p\u00e1gina web o enviar un simple correo electr\u00f3nico informal con la cancelaci\u00f3n a info@santiagocelorio.com (con el nombre del cliente, la fecha y la hora de la cita a cancelar).<\/p>\n<p><strong>Derecho de revocaci\u00f3n<\/strong><br \/>\n\u00a7 Art\u00edculo 356, apartado 4, frase 1 del C\u00f3digo Civil<br \/>\nEl derecho de desistimiento expira en el caso de un contrato de prestaci\u00f3n de servicios si el proveedor ha prestado el servicio en su totalidad y s\u00f3lo ha comenzado a ejecutarlo despu\u00e9s de que el cliente haya dado su consentimiento expreso a ello y haya confirmado al mismo tiempo su conocimiento de que pierde su derecho de desistimiento con la plena ejecuci\u00f3n del contrato por parte del proveedor.<\/p>\n","protected":false},"excerpt":{"rendered":"<p>Pol\u00edtica de revocaci\u00f3n Los servicios de esta p\u00e1gina son exclusivamente consultas terap\u00e9uticas o de asesoramiento, que deben considerarse como servicios individuales. El contrato entre el proveedor y el cliente se considera entonces completamente cumplido al final de cada sesi\u00f3n reservada, siempre y cuando se haya prestado en toda la extensi\u00f3n acordada. Al aceptar los t\u00e9rminos [&hellip;]<\/p>\n","protected":false},"author":1,"featured_media":0,"parent":0,"menu_order":0,"comment_status":"closed","ping_status":"closed","template":"","meta":{"site-sidebar-layout":"default","site-content-layout":"","ast-site-content-layout":"default","site-content-style":"default","site-sidebar-style":"default","ast-global-header-display":"","ast-banner-title-visibility":"","ast-main-header-display":"","ast-hfb-above-header-display":"","ast-hfb-below-header-display":"","ast-hfb-mobile-header-display":"","site-post-title":"","ast-breadcrumbs-content":"","ast-featured-img":"","footer-sml-layout":"","ast-disable-related-posts":"","theme-transparent-header-meta":"","adv-header-id-meta":"","stick-header-meta":"","header-above-stick-meta":"","header-main-stick-meta":"","header-below-stick-meta":"","astra-migrate-meta-layouts":"default","ast-page-background-enabled":"default","ast-page-background-meta":{"desktop":{"background-color":"var(--ast-global-color-4)","background-image":"","background-repeat":"repeat","background-position":"center center","background-size":"auto","background-attachment":"scroll","background-type":"","background-media":"","overlay-type":"","overlay-color":"","overlay-opacity":"","overlay-gradient":""},"tablet":{"background-color":"","background-image":"","background-repeat":"repeat","background-position":"center center","background-size":"auto","background-attachment":"scroll","background-type":"","background-media":"","overlay-type":"","overlay-color":"","overlay-opacity":"","overlay-gradient":""},"mobile":{"background-color":"","background-image":"","background-repeat":"repeat","background-position":"center center","background-size":"auto","background-attachment":"scroll","background-type":"","background-media":"","overlay-type":"","overlay-color":"","overlay-opacity":"","overlay-gradient":""}},"ast-content-background-meta":{"desktop":{"background-color":"var(--ast-global-color-5)","background-image":"","background-repeat":"repeat","background-position":"center center","background-size":"auto","background-attachment":"scroll","background-type":"","background-media":"","overlay-type":"","overlay-color":"","overlay-opacity":"","overlay-gradient":""},"tablet":{"background-color":"var(--ast-global-color-5)","background-image":"","background-repeat":"repeat","background-position":"center center","background-size":"auto","background-attachment":"scroll","background-type":"","background-media":"","overlay-type":"","overlay-color":"","overlay-opacity":"","overlay-gradient":""},"mobile":{"background-color":"var(--ast-global-color-5)","background-image":"","background-repeat":"repeat","background-position":"center center","background-size":"auto","background-attachment":"scroll","background-type":"","background-media":"","overlay-type":"","overlay-color":"","overlay-opacity":"","overlay-gradient":""}},"footnotes":""},"class_list":["post-1532","page","type-page","status-publish","hentry"],"_links":{"self":[{"href":"https:\/\/santiagocelorio.com\/es\/wp-json\/wp\/v2\/pages\/1532","targetHints":{"allow":["GET"]}}],"collection":[{"href":"https:\/\/santiagocelorio.com\/es\/wp-json\/wp\/v2\/pages"}],"about":[{"href":"https:\/\/santiagocelorio.com\/es\/wp-json\/wp\/v2\/types\/page"}],"author":[{"embeddable":true,"href":"https:\/\/santiagocelorio.com\/es\/wp-json\/wp\/v2\/users\/1"}],"replies":[{"embeddable":true,"href":"https:\/\/santiagocelorio.com\/es\/wp-json\/wp\/v2\/comments?post=1532"}],"version-history":[{"count":4,"href":"https:\/\/santiagocelorio.com\/es\/wp-json\/wp\/v2\/pages\/1532\/revisions"}],"predecessor-version":[{"id":3241,"href":"https:\/\/santiagocelorio.com\/es\/wp-json\/wp\/v2\/pages\/1532\/revisions\/3241"}],"wp:attachment":[{"href":"https:\/\/santiagocelorio.com\/es\/wp-json\/wp\/v2\/media?parent=1532"}],"curies":[{"name":"wp","href":"https:\/\/api.w.org\/{rel}","templated":true}]}}