{"id":3634,"date":"2022-05-11T14:57:39","date_gmt":"2022-05-11T12:57:39","guid":{"rendered":"https:\/\/santiagocelorio.com\/kosten\/"},"modified":"2025-06-01T19:16:56","modified_gmt":"2025-06-01T17:16:56","slug":"costos","status":"publish","type":"page","link":"https:\/\/santiagocelorio.com\/es\/costos\/","title":{"rendered":"Costos"},"content":{"rendered":"\n<div style=\"height:250px\" aria-hidden=\"true\" class=\"wp-block-spacer\"><\/div>\n\n\n\n<div class=\"wp-block-cover alignfull\" style=\"min-height:50px;aspect-ratio:unset;\"><span aria-hidden=\"true\" class=\"wp-block-cover__background has-ast-global-color-4-background-color has-background-dim-100 has-background-dim\"><\/span><div class=\"wp-block-cover__inner-container is-layout-flow wp-block-cover-is-layout-flow\">\n<div class=\"wp-block-columns are-vertically-aligned-center is-layout-flex wp-container-core-columns-is-layout-28f84493 wp-block-columns-is-layout-flex\">\n<div class=\"wp-block-column is-vertically-aligned-center is-layout-flow wp-block-column-is-layout-flow\">\n<h1 class=\"wp-block-heading has-ast-global-color-2-color has-text-color\">Costos<\/h1>\n<\/div>\n\n\n\n<div class=\"wp-block-column is-vertically-aligned-center is-layout-flow wp-block-column-is-layout-flow\">\n<hr class=\"wp-block-separator has-text-color has-ast-global-color-0-color has-css-opacity has-ast-global-color-0-background-color has-background is-style-wide\"\/>\n<\/div>\n<\/div>\n<\/div><\/div>\n\n\n\n<div class=\"wp-block-columns is-layout-flex wp-container-core-columns-is-layout-28f84493 wp-block-columns-is-layout-flex\">\n<div class=\"wp-block-column is-layout-flow wp-block-column-is-layout-flow\" style=\"flex-basis:33.33%\">\n<figure class=\"wp-block-table is-style-stripes\"><table><tbody><tr><td><strong>Terapia o asesoramiento<\/strong><\/td><td>\u20ac95<\/td><\/tr><tr><td><strong>Terapia de pareja<\/strong><\/td><td>\u20ac115<\/td><\/tr><\/tbody><\/table><\/figure>\n<\/div>\n\n\n\n<div class=\"wp-block-column is-layout-flow wp-block-column-is-layout-flow\" style=\"flex-basis:66.66%\"><\/div>\n<\/div>\n\n\n\n<div style=\"height:30px\" aria-hidden=\"true\" class=\"wp-block-spacer\"><\/div>\n\n\n\n<h2 class=\"wp-block-heading\">Gastos cubiertos por el seguro m\u00e9dico<\/h2>\n\n\n\n<p>Si tienes un seguro complementario o un seguro privado, es posible que tu compa\u00f1\u00eda de seguros te reembolse los gastos de la terapia. Pregunta a tu compa\u00f1\u00eda de seguros sobre las condiciones de reembolso para \u00abm\u00e9dicos alternativos para psicoterapia\u00bb (en Alemania). Ten en cuenta que esto s\u00f3lo se aplica a la terapia individual con diagn\u00f3stico psicol\u00f3gico. El asesoramiento individual o la terapia de pareja no est\u00e1n cubiertos por el seguro de enfermedad p\u00fablico o privado.<\/p>\n\n\n\n<div style=\"height:30px\" aria-hidden=\"true\" class=\"wp-block-spacer\"><\/div>\n\n\n\n<h2 class=\"wp-block-heading\">Ventajas de la terapia privada<\/h2>\n\n\n\n<ul class=\"wp-block-list\">\n<li>Sesiones por la tarde<\/li>\n\n\n\n<li>La psicoterapia desgrava como carga extraordinaria en la declaraci\u00f3n anual<\/li>\n\n\n\n<li>No se almacena ninguna informaci\u00f3n privada en los ficheros del seguro<\/li>\n\n\n\n<li>Tratamiento inmediato sin burocracia complicada ni listas de espera<\/li>\n\n\n\n<li>Acceso a una amplia gama de servicios de asesoramiento<\/li>\n\n\n\n<li>Comodidad y flexibilidad gracias a la reserva y la terapia en l\u00ednea<\/li>\n<\/ul>\n\n\n\n<div style=\"height:30px\" aria-hidden=\"true\" class=\"wp-block-spacer\"><\/div>\n\n\n\n<h2 class=\"wp-block-heading\">Formas de pago<\/h2>\n\n\n\n<ul class=\"wp-block-list\">\n<li>Tarjeta de cr\u00e9dito<\/li>\n\n\n\n<li>Pago con factura<\/li>\n\n\n\n<li>Paypal<\/li>\n<\/ul>\n\n\n\n<div style=\"height:30px\" aria-hidden=\"true\" class=\"wp-block-spacer\"><\/div>\n\n\n\n<h2 class=\"wp-block-heading\">Condiciones de anulaci\u00f3n<\/h2>\n\n\n\n<p>Todas las sesiones pueden cancelarse o aplazarse 48 horas antes de la cita sin coste alguno. Las anulaciones pueden realizarse directamente a trav\u00e9s del sistema de reservas (inicio de sesi\u00f3n). Si se cancela una cita una vez transcurrido el plazo de 48 horas, la sesi\u00f3n se cobrar\u00e1 \u00edntegramente y no se reembolsar\u00e1 ning\u00fan importe.<\/p>\n\n\n\n<div style=\"height:30px\" aria-hidden=\"true\" class=\"wp-block-spacer\"><\/div>\n\n\n\n<h4 class=\"wp-block-heading\">Encontrar\u00e1s m\u00e1s informaci\u00f3n sobre reservas, pagos, cancelaciones y reembolsos en la p\u00e1gina de preguntas frecuentes y en los T\u00e9rminos y Condiciones.<\/h4>\n\n\n\n<div style=\"height:15px\" aria-hidden=\"true\" class=\"wp-block-spacer\"><\/div>\n","protected":false},"excerpt":{"rendered":"<p>Terapia o asesoramiento \u20ac95 Terapia de pareja \u20ac115 Gastos cubiertos por el seguro m\u00e9dico Si tienes un seguro complementario o un seguro privado, es posible que tu compa\u00f1\u00eda de seguros te reembolse los gastos de la terapia. Pregunta a tu compa\u00f1\u00eda de seguros sobre las condiciones de reembolso para \u00abm\u00e9dicos alternativos para psicoterapia\u00bb (en Alemania). [&hellip;]<\/p>\n","protected":false},"author":1,"featured_media":0,"parent":0,"menu_order":0,"comment_status":"closed","ping_status":"closed","template":"","meta":{"site-sidebar-layout":"no-sidebar","site-content-layout":"plain-container","ast-site-content-layout":"normal-width-container","site-content-style":"unboxed","site-sidebar-style":"unboxed","ast-global-header-display":"","ast-banner-title-visibility":"","ast-main-header-display":"","ast-hfb-above-header-display":"","ast-hfb-below-header-display":"","ast-hfb-mobile-header-display":"","site-post-title":"disabled","ast-breadcrumbs-content":"disabled","ast-featured-img":"disabled","footer-sml-layout":"","ast-disable-related-posts":"","theme-transparent-header-meta":"enabled","adv-header-id-meta":"","stick-header-meta":"","header-above-stick-meta":"","header-main-stick-meta":"","header-below-stick-meta":"","astra-migrate-meta-layouts":"set","ast-page-background-enabled":"default","ast-page-background-meta":{"desktop":{"background-color":"var(--ast-global-color-4)","background-image":"","background-repeat":"repeat","background-position":"center center","background-size":"auto","background-attachment":"scroll","background-type":"","background-media":"","overlay-type":"","overlay-color":"","overlay-opacity":"","overlay-gradient":""},"tablet":{"background-color":"","background-image":"","background-repeat":"repeat","background-position":"center center","background-size":"auto","background-attachment":"scroll","background-type":"","background-media":"","overlay-type":"","overlay-color":"","overlay-opacity":"","overlay-gradient":""},"mobile":{"background-color":"","background-image":"","background-repeat":"repeat","background-position":"center center","background-size":"auto","background-attachment":"scroll","background-type":"","background-media":"","overlay-type":"","overlay-color":"","overlay-opacity":"","overlay-gradient":""}},"ast-content-background-meta":{"desktop":{"background-color":"var(--ast-global-color-5)","background-image":"","background-repeat":"repeat","background-position":"center center","background-size":"auto","background-attachment":"scroll","background-type":"","background-media":"","overlay-type":"","overlay-color":"","overlay-opacity":"","overlay-gradient":""},"tablet":{"background-color":"var(--ast-global-color-5)","background-image":"","background-repeat":"repeat","background-position":"center center","background-size":"auto","background-attachment":"scroll","background-type":"","background-media":"","overlay-type":"","overlay-color":"","overlay-opacity":"","overlay-gradient":""},"mobile":{"background-color":"var(--ast-global-color-5)","background-image":"","background-repeat":"repeat","background-position":"center center","background-size":"auto","background-attachment":"scroll","background-type":"","background-media":"","overlay-type":"","overlay-color":"","overlay-opacity":"","overlay-gradient":""}},"footnotes":""},"class_list":["post-3634","page","type-page","status-publish","hentry"],"_links":{"self":[{"href":"https:\/\/santiagocelorio.com\/es\/wp-json\/wp\/v2\/pages\/3634","targetHints":{"allow":["GET"]}}],"collection":[{"href":"https:\/\/santiagocelorio.com\/es\/wp-json\/wp\/v2\/pages"}],"about":[{"href":"https:\/\/santiagocelorio.com\/es\/wp-json\/wp\/v2\/types\/page"}],"author":[{"embeddable":true,"href":"https:\/\/santiagocelorio.com\/es\/wp-json\/wp\/v2\/users\/1"}],"replies":[{"embeddable":true,"href":"https:\/\/santiagocelorio.com\/es\/wp-json\/wp\/v2\/comments?post=3634"}],"version-history":[{"count":18,"href":"https:\/\/santiagocelorio.com\/es\/wp-json\/wp\/v2\/pages\/3634\/revisions"}],"predecessor-version":[{"id":5505,"href":"https:\/\/santiagocelorio.com\/es\/wp-json\/wp\/v2\/pages\/3634\/revisions\/5505"}],"wp:attachment":[{"href":"https:\/\/santiagocelorio.com\/es\/wp-json\/wp\/v2\/media?parent=3634"}],"curies":[{"name":"wp","href":"https:\/\/api.w.org\/{rel}","templated":true}]}}